{"id":1596,"date":"2024-08-24T10:23:53","date_gmt":"2024-08-24T10:23:53","guid":{"rendered":"https:\/\/centrocatyda.com\/?page_id=1596"},"modified":"2024-11-06T10:01:24","modified_gmt":"2024-11-06T10:01:24","slug":"psicologia","status":"publish","type":"page","link":"https:\/\/centrocatyda.com\/en\/psicologia\/","title":{"rendered":"Psicolog\u00eda"},"content":{"rendered":"\t\t<div data-elementor-type=\"wp-page\" data-elementor-id=\"1596\" class=\"elementor elementor-1596\" data-elementor-post-type=\"page\">\n\t\t\t\t\t\t<section class=\"elementor-section elementor-top-section elementor-element elementor-element-5429281c elementor-section-boxed elementor-section-height-default elementor-section-height-default\" data-id=\"5429281c\" data-element_type=\"section\" data-settings=\"{&quot;background_background&quot;:&quot;classic&quot;}\">\n\t\t\t\t\t\t<div class=\"elementor-container elementor-column-gap-default\">\n\t\t\t\t\t<div class=\"elementor-column elementor-col-50 elementor-top-column elementor-element elementor-element-de04329\" data-id=\"de04329\" data-element_type=\"column\">\n\t\t\t<div class=\"elementor-widget-wrap elementor-element-populated\">\n\t\t\t\t\t\t<div class=\"elementor-element elementor-element-991f8b9 elementor-widget elementor-widget-image\" data-id=\"991f8b9\" data-element_type=\"widget\" data-widget_type=\"image.default\">\n\t\t\t\t<div class=\"elementor-widget-container\">\n\t\t\t\t\t\t\t\t\t\t\t\t\t<img fetchpriority=\"high\" decoding=\"async\" width=\"800\" height=\"640\" src=\"https:\/\/centrocatyda.com\/wp-content\/uploads\/2024\/10\/CEREBRO.jpeg\" class=\"attachment-large size-large wp-image-2004\" alt=\"\" srcset=\"https:\/\/centrocatyda.com\/wp-content\/uploads\/2024\/10\/CEREBRO.jpeg 1080w, https:\/\/centrocatyda.com\/wp-content\/uploads\/2024\/10\/CEREBRO-800x640.jpeg 800w, https:\/\/centrocatyda.com\/wp-content\/uploads\/2024\/10\/CEREBRO-768x614.jpeg 768w\" sizes=\"(max-width: 800px) 100vw, 800px\" \/>\t\t\t\t\t\t\t\t\t\t\t\t\t<\/div>\n\t\t\t\t<\/div>\n\t\t\t\t<div class=\"elementor-element elementor-element-2285f1c elementor-widget elementor-widget-image\" data-id=\"2285f1c\" data-element_type=\"widget\" data-widget_type=\"image.default\">\n\t\t\t\t<div class=\"elementor-widget-container\">\n\t\t\t\t\t\t\t\t\t\t\t\t\t<img decoding=\"async\" width=\"800\" height=\"800\" src=\"https:\/\/centrocatyda.com\/wp-content\/uploads\/2024\/10\/\u00bfAprendemos-jugando__20240929_224215_0000.png\" class=\"attachment-large size-large wp-image-2005\" alt=\"\" srcset=\"https:\/\/centrocatyda.com\/wp-content\/uploads\/2024\/10\/\u00bfAprendemos-jugando__20240929_224215_0000.png 1080w, https:\/\/centrocatyda.com\/wp-content\/uploads\/2024\/10\/\u00bfAprendemos-jugando__20240929_224215_0000-800x800.png 800w, https:\/\/centrocatyda.com\/wp-content\/uploads\/2024\/10\/\u00bfAprendemos-jugando__20240929_224215_0000-300x300.png 300w, https:\/\/centrocatyda.com\/wp-content\/uploads\/2024\/10\/\u00bfAprendemos-jugando__20240929_224215_0000-768x768.png 768w\" sizes=\"(max-width: 800px) 100vw, 800px\" \/>\t\t\t\t\t\t\t\t\t\t\t\t\t<\/div>\n\t\t\t\t<\/div>\n\t\t\t\t\t<\/div>\n\t\t<\/div>\n\t\t\t\t<div class=\"elementor-column elementor-col-50 elementor-top-column elementor-element elementor-element-705dae33\" data-id=\"705dae33\" data-element_type=\"column\" data-settings=\"{&quot;animation&quot;:&quot;none&quot;,&quot;motion_fx_motion_fx_scrolling&quot;:&quot;yes&quot;,&quot;motion_fx_translateX_effect&quot;:&quot;yes&quot;,&quot;motion_fx_translateX_speed&quot;:{&quot;unit&quot;:&quot;px&quot;,&quot;size&quot;:2,&quot;sizes&quot;:[]},&quot;motion_fx_translateX_affectedRange&quot;:{&quot;unit&quot;:&quot;%&quot;,&quot;size&quot;:&quot;&quot;,&quot;sizes&quot;:{&quot;start&quot;:0,&quot;end&quot;:50}},&quot;motion_fx_devices&quot;:[&quot;desktop&quot;,&quot;tablet&quot;,&quot;mobile&quot;]}\">\n\t\t\t<div class=\"elementor-widget-wrap elementor-element-populated\">\n\t\t\t\t\t\t<div class=\"elementor-element elementor-element-eacda21 animated-slow elementor-invisible elementor-widget elementor-widget-heading\" data-id=\"eacda21\" data-element_type=\"widget\" data-settings=\"{&quot;_animation&quot;:&quot;slideInUp&quot;,&quot;_animation_delay&quot;:200,&quot;_animation_mobile&quot;:&quot;fadeIn&quot;}\" data-widget_type=\"heading.default\">\n\t\t\t\t<div class=\"elementor-widget-container\">\n\t\t\t<h2 class=\"elementor-heading-title elementor-size-default\">psicolog\u00eda<\/h2>\t\t<\/div>\n\t\t\t\t<\/div>\n\t\t\t\t<div class=\"elementor-element elementor-element-40017013 animated-slow elementor-hidden-mobile elementor-invisible elementor-widget elementor-widget-text-editor\" data-id=\"40017013\" data-element_type=\"widget\" data-settings=\"{&quot;_animation&quot;:&quot;fadeInUp&quot;,&quot;_animation_tablet&quot;:&quot;fadeIn&quot;,&quot;_animation_mobile&quot;:&quot;fadeIn&quot;}\" data-widget_type=\"text-editor.default\">\n\t\t\t\t<div class=\"elementor-widget-container\">\n\t\t\t\t\t\t\t<p>\u00a0<\/p><ul><li class=\"p1\"><b>Terapia psicol\u00f3gica infanto juvenil especializada en TDAH y otras comorbilidades.<\/b><\/li><li class=\"p1\"><b>Terapia psicol\u00f3gica en adultos con TDAH y otras comorbilidades.<\/b><\/li><li class=\"p1\"><b>Terapia familiar.<\/b><\/li><li class=\"p1\"><b> Valoraci\u00f3n psicol\u00f3gica.<\/b><\/li><\/ul><div><b>\u00a0<\/b><\/div><p class=\"p1\">Cada intervenci\u00f3n es \u00fanica e individual, adapt\u00e1ndonos a las necesidades de cada persona y de su familia. Tratamiento basado en el contexto natural, con la intenci\u00f3n de poder generalizar las herramientas y estrategias aprendidas. La intervenci\u00f3n tiene por objetivo mejorar los s\u00edntomas y reducir la aparici\u00f3n de otros trastornos asociados.<\/p><p class=\"p1\">Seg\u00fan la Gu\u00eda de Pr\u00e1ctica Cl\u00ednica, las intervenciones psicol\u00f3gicas que han mostrado evidencia cient\u00edfica\/positiva para el tratamiento del TDAH se basan en los principios de la terapia cognitivo-conductual (TCC):<\/p><ul class=\"ul1\"><li class=\"li1\"><b><\/b>Terapia de conducta (terapia basada en el an\u00e1lisis de conducta).<\/li><li class=\"li1\"><b><\/b>Entrenamiento para los padres (psicoeducaci\u00f3n sobre el trastorno a los padres, estrategias de manejo de conducta, gesti\u00f3n de estr\u00e9s, etc.)<\/li><li class=\"li1\"><b><\/b>Terapia cognitiva (t\u00e9cnicas de autoinstrucciones, autocontrol, soluci\u00f3n de problemas, etc.)<\/li><li class=\"li1\"><b><\/b>Entrenamiento en habilidades sociales.<\/li><\/ul><p class=\"p3\">\u00a0<\/p>\t\t\t\t\t\t<\/div>\n\t\t\t\t<\/div>\n\t\t\t\t<div class=\"elementor-element elementor-element-ee427b8 animated-slow elementor-hidden-desktop elementor-hidden-tablet elementor-invisible elementor-widget elementor-widget-text-editor\" data-id=\"ee427b8\" data-element_type=\"widget\" data-settings=\"{&quot;_animation&quot;:&quot;fadeInUp&quot;,&quot;_animation_tablet&quot;:&quot;fadeIn&quot;,&quot;_animation_mobile&quot;:&quot;fadeIn&quot;}\" data-widget_type=\"text-editor.default\">\n\t\t\t\t<div class=\"elementor-widget-container\">\n\t\t\t\t\t\t\t<p><\/p>\n<ul>\n<li class=\"p1\"><b>Terapia psicol\u00f3gica infanto juvenil especializada en TDAH y otras comorbilidades.<\/b><\/li>\n<li class=\"p1\"><b>Terapia psicol\u00f3gica en adultos con TDAH y otras comorbilidades.<\/b><\/li>\n<li class=\"p1\"><b>Terapia familiar.<\/b><\/li>\n<li class=\"p1\"><b> Valoraci\u00f3n psicol\u00f3gica.<\/b><\/li>\n<\/ul><div><b><br><\/b><\/div>\n<p class=\"p1\">Cada intervenci\u00f3n es \u00fanica e individual, adapt\u00e1ndonos a las necesidades de cada persona y de su familia. Tratamiento basado en el contexto natural, con la intenci\u00f3n de poder generalizar las herramientas y estrategias aprendidas. La intervenci\u00f3n tiene por objetivo mejorar los s\u00edntomas y reducir la aparici\u00f3n de otros trastornos asociados.<\/p>\n<p class=\"p1\">Seg\u00fan la Gu\u00eda de Pr\u00e1ctica Cl\u00ednica, las intervenciones psicol\u00f3gicas que han mostrado evidencia cient\u00edfica\/positiva para el tratamiento del TDAH se basan en los principios de la terapia cognitivo-conductual (TCC):<\/p>\n<ul class=\"ul1\">\n<li class=\"li1\"><b><\/b>Terapia de conducta (terapia basada en el an\u00e1lisis de conducta).<\/li>\n<li class=\"li1\"><b><\/b>Entrenamiento para los padres (psicoeducaci\u00f3n sobre el trastorno a los padres, estrategias de manejo de conducta, gesti\u00f3n de estr\u00e9s, etc.)<\/li>\n<li class=\"li1\"><b><\/b>Terapia cognitiva (t\u00e9cnicas de autoinstrucciones, autocontrol, soluci\u00f3n de problemas, etc.)<\/li>\n<li class=\"li1\"><b><\/b>Entrenamiento en habilidades sociales.<\/li>\n<\/ul>\n<p class=\"p3\">\n<\/p>\t\t\t\t\t\t<\/div>\n\t\t\t\t<\/div>\n\t\t\t\t<div class=\"elementor-element elementor-element-e454b90 animated-slow elementor-widget__width-initial elementor-invisible elementor-widget elementor-widget-text-editor\" data-id=\"e454b90\" data-element_type=\"widget\" data-settings=\"{&quot;_animation&quot;:&quot;fadeInUp&quot;,&quot;_animation_delay&quot;:300,&quot;_animation_tablet&quot;:&quot;fadeIn&quot;}\" data-widget_type=\"text-editor.default\">\n\t\t\t\t<div class=\"elementor-widget-container\">\n\t\t\t\t\t\t\t<p class=\"p3\"><i>\u201cPorque el \u00e1rbol m\u00e1s alto, antes fue semilla\u201d<\/i><\/p><p class=\"p3\"><i>\u00bfEn qu\u00e9 puedo ayudarte?<\/i><\/p>\t\t\t\t\t\t<\/div>\n\t\t\t\t<\/div>\n\t\t\t\t\t<\/div>\n\t\t<\/div>\n\t\t\t\t\t<\/div>\n\t\t<\/section>\n\t\t\t\t<section class=\"elementor-section elementor-top-section elementor-element elementor-element-9ed2d73 elementor-section-content-middle elementor-section-boxed elementor-section-height-default elementor-section-height-default\" data-id=\"9ed2d73\" data-element_type=\"section\">\n\t\t\t\t\t\t<div class=\"elementor-container elementor-column-gap-default\">\n\t\t\t\t\t<div class=\"elementor-column elementor-col-100 elementor-top-column elementor-element elementor-element-91b3f52\" data-id=\"91b3f52\" data-element_type=\"column\">\n\t\t\t<div class=\"elementor-widget-wrap elementor-element-populated\">\n\t\t\t\t\t\t<div class=\"elementor-element elementor-element-20c279d elementor-align-center elementor-widget__width-initial e-transform elementor-widget elementor-widget-button\" data-id=\"20c279d\" data-element_type=\"widget\" data-settings=\"{&quot;_transform_skewX_effect&quot;:{&quot;unit&quot;:&quot;px&quot;,&quot;size&quot;:0,&quot;sizes&quot;:[]},&quot;_transform_skewX_effect_tablet&quot;:{&quot;unit&quot;:&quot;deg&quot;,&quot;size&quot;:&quot;&quot;,&quot;sizes&quot;:[]},&quot;_transform_skewX_effect_mobile&quot;:{&quot;unit&quot;:&quot;deg&quot;,&quot;size&quot;:&quot;&quot;,&quot;sizes&quot;:[]},&quot;_transform_skewY_effect&quot;:{&quot;unit&quot;:&quot;px&quot;,&quot;size&quot;:&quot;&quot;,&quot;sizes&quot;:[]},&quot;_transform_skewY_effect_tablet&quot;:{&quot;unit&quot;:&quot;deg&quot;,&quot;size&quot;:&quot;&quot;,&quot;sizes&quot;:[]},&quot;_transform_skewY_effect_mobile&quot;:{&quot;unit&quot;:&quot;deg&quot;,&quot;size&quot;:&quot;&quot;,&quot;sizes&quot;:[]}}\" data-widget_type=\"button.default\">\n\t\t\t\t<div class=\"elementor-widget-container\">\n\t\t\t\t\t<div class=\"elementor-button-wrapper\">\n\t\t\t<a class=\"elementor-button elementor-button-link elementor-size-sm\" href=\"\/contacto\">\n\t\t\t\t\t\t<span class=\"elementor-button-content-wrapper\">\n\t\t\t\t\t\t\t\t\t<span class=\"elementor-button-text\">INF\u00d3RMATE<\/span>\n\t\t\t\t\t<\/span>\n\t\t\t\t\t<\/a>\n\t\t<\/div>\n\t\t\t\t<\/div>\n\t\t\t\t<\/div>\n\t\t\t\t\t<\/div>\n\t\t<\/div>\n\t\t\t\t\t<\/div>\n\t\t<\/section>\n\t\t\t\t<\/div>\n\t\t","protected":false},"excerpt":{"rendered":"<p>psicolog\u00eda \u00a0 Terapia psicol\u00f3gica infanto juvenil especializada en TDAH y otras comorbilidades. Terapia psicol\u00f3gica en adultos con TDAH y otras comorbilidades. Terapia familiar. Valoraci\u00f3n psicol\u00f3gica. \u00a0 Cada intervenci\u00f3n es \u00fanica e individual, adapt\u00e1ndonos a las necesidades de cada persona y de su familia. Tratamiento basado en el contexto natural, con la intenci\u00f3n de poder generalizar [&hellip;]<\/p>\n","protected":false},"author":2,"featured_media":0,"parent":0,"menu_order":0,"comment_status":"closed","ping_status":"closed","template":"","meta":{"footnotes":""},"class_list":["post-1596","page","type-page","status-publish","hentry"],"yoast_head":"<!-- This site is optimized with the Yoast SEO plugin v27.6 - https:\/\/yoast.com\/product\/yoast-seo-wordpress\/ -->\n<title>Psicolog\u00eda - centrocatyda.com<\/title>\n<meta name=\"description\" content=\"Encuentra el bienestar emocional que buscas. Nuestros psic\u00f3logos te ayudar\u00e1n a superar dificultades, mejorar tus relaciones y alcanzar tu m\u00e1ximo potencial.\" \/>\n<meta name=\"robots\" content=\"index, follow, max-snippet:-1, max-image-preview:large, max-video-preview:-1\" \/>\n<link rel=\"canonical\" href=\"https:\/\/centrocatyda.com\/en\/psicologia\/\" \/>\n<meta property=\"og:locale\" content=\"en_GB\" \/>\n<meta property=\"og:type\" content=\"article\" \/>\n<meta property=\"og:title\" content=\"Psicolog\u00eda - centrocatyda.com\" \/>\n<meta property=\"og:description\" content=\"Encuentra el bienestar emocional que buscas. Nuestros psic\u00f3logos te ayudar\u00e1n a superar dificultades, mejorar tus relaciones y alcanzar tu m\u00e1ximo potencial.\" \/>\n<meta property=\"og:url\" content=\"https:\/\/centrocatyda.com\/en\/psicologia\/\" \/>\n<meta property=\"og:site_name\" content=\"centrocatyda.com\" \/>\n<meta property=\"article:publisher\" content=\"https:\/\/www.facebook.com\/centrocatyda\/\" \/>\n<meta property=\"article:modified_time\" content=\"2024-11-06T10:01:24+00:00\" \/>\n<meta property=\"og:image\" content=\"https:\/\/centrocatyda.com\/wp-content\/uploads\/2024\/10\/CEREBRO.jpeg\" \/>\n\t<meta property=\"og:image:width\" content=\"1080\" \/>\n\t<meta property=\"og:image:height\" content=\"864\" \/>\n\t<meta property=\"og:image:type\" content=\"image\/jpeg\" \/>\n<meta name=\"twitter:card\" content=\"summary_large_image\" \/>\n<meta name=\"twitter:label1\" content=\"Estimated reading time\" \/>\n\t<meta name=\"twitter:data1\" content=\"2 minutes\" \/>\n<script type=\"application\/ld+json\" class=\"yoast-schema-graph\">{\"@context\":\"https:\\\/\\\/schema.org\",\"@graph\":[{\"@type\":\"WebPage\",\"@id\":\"https:\\\/\\\/centrocatyda.com\\\/psicologia\\\/\",\"url\":\"https:\\\/\\\/centrocatyda.com\\\/psicologia\\\/\",\"name\":\"Psicolog\u00eda - centrocatyda.com\",\"isPartOf\":{\"@id\":\"https:\\\/\\\/centrocatyda.com\\\/#website\"},\"primaryImageOfPage\":{\"@id\":\"https:\\\/\\\/centrocatyda.com\\\/psicologia\\\/#primaryimage\"},\"image\":{\"@id\":\"https:\\\/\\\/centrocatyda.com\\\/psicologia\\\/#primaryimage\"},\"thumbnailUrl\":\"https:\\\/\\\/centrocatyda.com\\\/wp-content\\\/uploads\\\/2024\\\/10\\\/CEREBRO.jpeg\",\"datePublished\":\"2024-08-24T10:23:53+00:00\",\"dateModified\":\"2024-11-06T10:01:24+00:00\",\"description\":\"Encuentra el bienestar emocional que buscas. Nuestros psic\u00f3logos te ayudar\u00e1n a superar dificultades, mejorar tus relaciones y alcanzar tu m\u00e1ximo potencial.\",\"breadcrumb\":{\"@id\":\"https:\\\/\\\/centrocatyda.com\\\/psicologia\\\/#breadcrumb\"},\"inLanguage\":\"en-GB\",\"potentialAction\":[{\"@type\":\"ReadAction\",\"target\":[\"https:\\\/\\\/centrocatyda.com\\\/psicologia\\\/\"]}]},{\"@type\":\"ImageObject\",\"inLanguage\":\"en-GB\",\"@id\":\"https:\\\/\\\/centrocatyda.com\\\/psicologia\\\/#primaryimage\",\"url\":\"https:\\\/\\\/centrocatyda.com\\\/wp-content\\\/uploads\\\/2024\\\/10\\\/CEREBRO.jpeg\",\"contentUrl\":\"https:\\\/\\\/centrocatyda.com\\\/wp-content\\\/uploads\\\/2024\\\/10\\\/CEREBRO.jpeg\"},{\"@type\":\"BreadcrumbList\",\"@id\":\"https:\\\/\\\/centrocatyda.com\\\/psicologia\\\/#breadcrumb\",\"itemListElement\":[{\"@type\":\"ListItem\",\"position\":1,\"name\":\"Portada\",\"item\":\"https:\\\/\\\/centrocatyda.com\\\/\"},{\"@type\":\"ListItem\",\"position\":2,\"name\":\"Psicolog\u00eda\"}]},{\"@type\":\"WebSite\",\"@id\":\"https:\\\/\\\/centrocatyda.com\\\/#website\",\"url\":\"https:\\\/\\\/centrocatyda.com\\\/\",\"name\":\"Centro CATYDA\",\"description\":\"\",\"publisher\":{\"@id\":\"https:\\\/\\\/centrocatyda.com\\\/#organization\"},\"potentialAction\":[{\"@type\":\"SearchAction\",\"target\":{\"@type\":\"EntryPoint\",\"urlTemplate\":\"https:\\\/\\\/centrocatyda.com\\\/?s={search_term_string}\"},\"query-input\":{\"@type\":\"PropertyValueSpecification\",\"valueRequired\":true,\"valueName\":\"search_term_string\"}}],\"inLanguage\":\"en-GB\"},{\"@type\":\"Organization\",\"@id\":\"https:\\\/\\\/centrocatyda.com\\\/#organization\",\"name\":\"Centro CATYDA\",\"url\":\"https:\\\/\\\/centrocatyda.com\\\/\",\"logo\":{\"@type\":\"ImageObject\",\"inLanguage\":\"en-GB\",\"@id\":\"https:\\\/\\\/centrocatyda.com\\\/#\\\/schema\\\/logo\\\/image\\\/\",\"url\":\"https:\\\/\\\/centrocatyda.com\\\/wp-content\\\/uploads\\\/2023\\\/04\\\/logo.png\",\"contentUrl\":\"https:\\\/\\\/centrocatyda.com\\\/wp-content\\\/uploads\\\/2023\\\/04\\\/logo.png\",\"width\":2506,\"height\":565,\"caption\":\"Centro CATYDA\"},\"image\":{\"@id\":\"https:\\\/\\\/centrocatyda.com\\\/#\\\/schema\\\/logo\\\/image\\\/\"},\"sameAs\":[\"https:\\\/\\\/www.facebook.com\\\/centrocatyda\\\/\"]}]}<\/script>\n<!-- \/ Yoast SEO plugin. -->","yoast_head_json":{"title":"Psicolog\u00eda - centrocatyda.com","description":"Encuentra el bienestar emocional que buscas. Nuestros psic\u00f3logos te ayudar\u00e1n a superar dificultades, mejorar tus relaciones y alcanzar tu m\u00e1ximo potencial.","robots":{"index":"index","follow":"follow","max-snippet":"max-snippet:-1","max-image-preview":"max-image-preview:large","max-video-preview":"max-video-preview:-1"},"canonical":"https:\/\/centrocatyda.com\/en\/psicologia\/","og_locale":"en_GB","og_type":"article","og_title":"Psicolog\u00eda - centrocatyda.com","og_description":"Encuentra el bienestar emocional que buscas. Nuestros psic\u00f3logos te ayudar\u00e1n a superar dificultades, mejorar tus relaciones y alcanzar tu m\u00e1ximo potencial.","og_url":"https:\/\/centrocatyda.com\/en\/psicologia\/","og_site_name":"centrocatyda.com","article_publisher":"https:\/\/www.facebook.com\/centrocatyda\/","article_modified_time":"2024-11-06T10:01:24+00:00","og_image":[{"width":1080,"height":864,"url":"https:\/\/centrocatyda.com\/wp-content\/uploads\/2024\/10\/CEREBRO.jpeg","type":"image\/jpeg"}],"twitter_card":"summary_large_image","twitter_misc":{"Estimated reading time":"2 minutes"},"schema":{"@context":"https:\/\/schema.org","@graph":[{"@type":"WebPage","@id":"https:\/\/centrocatyda.com\/psicologia\/","url":"https:\/\/centrocatyda.com\/psicologia\/","name":"Psicolog\u00eda - centrocatyda.com","isPartOf":{"@id":"https:\/\/centrocatyda.com\/#website"},"primaryImageOfPage":{"@id":"https:\/\/centrocatyda.com\/psicologia\/#primaryimage"},"image":{"@id":"https:\/\/centrocatyda.com\/psicologia\/#primaryimage"},"thumbnailUrl":"https:\/\/centrocatyda.com\/wp-content\/uploads\/2024\/10\/CEREBRO.jpeg","datePublished":"2024-08-24T10:23:53+00:00","dateModified":"2024-11-06T10:01:24+00:00","description":"Encuentra el bienestar emocional que buscas. Nuestros psic\u00f3logos te ayudar\u00e1n a superar dificultades, mejorar tus relaciones y alcanzar tu m\u00e1ximo potencial.","breadcrumb":{"@id":"https:\/\/centrocatyda.com\/psicologia\/#breadcrumb"},"inLanguage":"en-GB","potentialAction":[{"@type":"ReadAction","target":["https:\/\/centrocatyda.com\/psicologia\/"]}]},{"@type":"ImageObject","inLanguage":"en-GB","@id":"https:\/\/centrocatyda.com\/psicologia\/#primaryimage","url":"https:\/\/centrocatyda.com\/wp-content\/uploads\/2024\/10\/CEREBRO.jpeg","contentUrl":"https:\/\/centrocatyda.com\/wp-content\/uploads\/2024\/10\/CEREBRO.jpeg"},{"@type":"BreadcrumbList","@id":"https:\/\/centrocatyda.com\/psicologia\/#breadcrumb","itemListElement":[{"@type":"ListItem","position":1,"name":"Portada","item":"https:\/\/centrocatyda.com\/"},{"@type":"ListItem","position":2,"name":"Psicolog\u00eda"}]},{"@type":"WebSite","@id":"https:\/\/centrocatyda.com\/#website","url":"https:\/\/centrocatyda.com\/","name":"Centro CATYDA","description":"","publisher":{"@id":"https:\/\/centrocatyda.com\/#organization"},"potentialAction":[{"@type":"SearchAction","target":{"@type":"EntryPoint","urlTemplate":"https:\/\/centrocatyda.com\/?s={search_term_string}"},"query-input":{"@type":"PropertyValueSpecification","valueRequired":true,"valueName":"search_term_string"}}],"inLanguage":"en-GB"},{"@type":"Organization","@id":"https:\/\/centrocatyda.com\/#organization","name":"Centro CATYDA","url":"https:\/\/centrocatyda.com\/","logo":{"@type":"ImageObject","inLanguage":"en-GB","@id":"https:\/\/centrocatyda.com\/#\/schema\/logo\/image\/","url":"https:\/\/centrocatyda.com\/wp-content\/uploads\/2023\/04\/logo.png","contentUrl":"https:\/\/centrocatyda.com\/wp-content\/uploads\/2023\/04\/logo.png","width":2506,"height":565,"caption":"Centro CATYDA"},"image":{"@id":"https:\/\/centrocatyda.com\/#\/schema\/logo\/image\/"},"sameAs":["https:\/\/www.facebook.com\/centrocatyda\/"]}]}},"_links":{"self":[{"href":"https:\/\/centrocatyda.com\/en\/wp-json\/wp\/v2\/pages\/1596","targetHints":{"allow":["GET"]}}],"collection":[{"href":"https:\/\/centrocatyda.com\/en\/wp-json\/wp\/v2\/pages"}],"about":[{"href":"https:\/\/centrocatyda.com\/en\/wp-json\/wp\/v2\/types\/page"}],"author":[{"embeddable":true,"href":"https:\/\/centrocatyda.com\/en\/wp-json\/wp\/v2\/users\/2"}],"replies":[{"embeddable":true,"href":"https:\/\/centrocatyda.com\/en\/wp-json\/wp\/v2\/comments?post=1596"}],"version-history":[{"count":43,"href":"https:\/\/centrocatyda.com\/en\/wp-json\/wp\/v2\/pages\/1596\/revisions"}],"predecessor-version":[{"id":2327,"href":"https:\/\/centrocatyda.com\/en\/wp-json\/wp\/v2\/pages\/1596\/revisions\/2327"}],"wp:attachment":[{"href":"https:\/\/centrocatyda.com\/en\/wp-json\/wp\/v2\/media?parent=1596"}],"curies":[{"name":"wp","href":"https:\/\/api.w.org\/{rel}","templated":true}]}}