{"id":1609,"date":"2024-08-24T10:39:32","date_gmt":"2024-08-24T10:39:32","guid":{"rendered":"https:\/\/centrocatyda.com\/?page_id=1609"},"modified":"2024-11-06T10:03:31","modified_gmt":"2024-11-06T10:03:31","slug":"psicopedagogia","status":"publish","type":"page","link":"https:\/\/centrocatyda.com\/en\/psicopedagogia\/","title":{"rendered":"Psicopedagog\u00eda"},"content":{"rendered":"\t\t<div data-elementor-type=\"wp-page\" data-elementor-id=\"1609\" class=\"elementor elementor-1609\" data-elementor-post-type=\"page\">\n\t\t\t\t\t\t<section class=\"elementor-section elementor-top-section elementor-element elementor-element-5429281c elementor-section-boxed elementor-section-height-default elementor-section-height-default\" data-id=\"5429281c\" data-element_type=\"section\" data-settings=\"{&quot;background_background&quot;:&quot;classic&quot;}\">\n\t\t\t\t\t\t<div class=\"elementor-container elementor-column-gap-default\">\n\t\t\t\t\t<div class=\"elementor-column elementor-col-50 elementor-top-column elementor-element elementor-element-e7d6e9b\" data-id=\"e7d6e9b\" data-element_type=\"column\">\n\t\t\t<div class=\"elementor-widget-wrap elementor-element-populated\">\n\t\t\t\t\t\t<div class=\"elementor-element elementor-element-4e5850f elementor-widget elementor-widget-image\" data-id=\"4e5850f\" data-element_type=\"widget\" data-widget_type=\"image.default\">\n\t\t\t\t<div class=\"elementor-widget-container\">\n\t\t\t\t\t\t\t\t\t\t\t\t\t<img fetchpriority=\"high\" decoding=\"async\" width=\"800\" height=\"800\" src=\"https:\/\/centrocatyda.com\/wp-content\/uploads\/2024\/10\/\u00bfAprendemos-jugando__20240929_232814_0000.png\" class=\"attachment-large size-large wp-image-2009\" alt=\"\" srcset=\"https:\/\/centrocatyda.com\/wp-content\/uploads\/2024\/10\/\u00bfAprendemos-jugando__20240929_232814_0000.png 1080w, https:\/\/centrocatyda.com\/wp-content\/uploads\/2024\/10\/\u00bfAprendemos-jugando__20240929_232814_0000-800x800.png 800w, https:\/\/centrocatyda.com\/wp-content\/uploads\/2024\/10\/\u00bfAprendemos-jugando__20240929_232814_0000-300x300.png 300w, https:\/\/centrocatyda.com\/wp-content\/uploads\/2024\/10\/\u00bfAprendemos-jugando__20240929_232814_0000-768x768.png 768w\" sizes=\"(max-width: 800px) 100vw, 800px\" \/>\t\t\t\t\t\t\t\t\t\t\t\t\t<\/div>\n\t\t\t\t<\/div>\n\t\t\t\t<div class=\"elementor-element elementor-element-1d87091 elementor-widget elementor-widget-image\" data-id=\"1d87091\" data-element_type=\"widget\" data-widget_type=\"image.default\">\n\t\t\t\t<div class=\"elementor-widget-container\">\n\t\t\t\t\t\t\t\t\t\t\t\t\t<img decoding=\"async\" width=\"800\" height=\"800\" src=\"https:\/\/centrocatyda.com\/wp-content\/uploads\/2024\/10\/\u00bfAprendemos-jugando__20240929_232623_0000.png\" class=\"attachment-large size-large wp-image-2010\" alt=\"\" srcset=\"https:\/\/centrocatyda.com\/wp-content\/uploads\/2024\/10\/\u00bfAprendemos-jugando__20240929_232623_0000.png 1080w, https:\/\/centrocatyda.com\/wp-content\/uploads\/2024\/10\/\u00bfAprendemos-jugando__20240929_232623_0000-800x800.png 800w, https:\/\/centrocatyda.com\/wp-content\/uploads\/2024\/10\/\u00bfAprendemos-jugando__20240929_232623_0000-300x300.png 300w, https:\/\/centrocatyda.com\/wp-content\/uploads\/2024\/10\/\u00bfAprendemos-jugando__20240929_232623_0000-768x768.png 768w\" sizes=\"(max-width: 800px) 100vw, 800px\" \/>\t\t\t\t\t\t\t\t\t\t\t\t\t<\/div>\n\t\t\t\t<\/div>\n\t\t\t\t<div class=\"elementor-element elementor-element-cdc6ba1 elementor-widget elementor-widget-image\" data-id=\"cdc6ba1\" data-element_type=\"widget\" data-widget_type=\"image.default\">\n\t\t\t\t<div class=\"elementor-widget-container\">\n\t\t\t\t\t\t\t\t\t\t\t\t\t<img decoding=\"async\" width=\"800\" height=\"800\" src=\"https:\/\/centrocatyda.com\/wp-content\/uploads\/2024\/10\/\u00bfAprendemos-jugando__20240929_225918_0000.png\" class=\"attachment-large size-large wp-image-2011\" alt=\"\" srcset=\"https:\/\/centrocatyda.com\/wp-content\/uploads\/2024\/10\/\u00bfAprendemos-jugando__20240929_225918_0000.png 1080w, https:\/\/centrocatyda.com\/wp-content\/uploads\/2024\/10\/\u00bfAprendemos-jugando__20240929_225918_0000-800x800.png 800w, https:\/\/centrocatyda.com\/wp-content\/uploads\/2024\/10\/\u00bfAprendemos-jugando__20240929_225918_0000-300x300.png 300w, https:\/\/centrocatyda.com\/wp-content\/uploads\/2024\/10\/\u00bfAprendemos-jugando__20240929_225918_0000-768x768.png 768w\" sizes=\"(max-width: 800px) 100vw, 800px\" \/>\t\t\t\t\t\t\t\t\t\t\t\t\t<\/div>\n\t\t\t\t<\/div>\n\t\t\t\t\t<\/div>\n\t\t<\/div>\n\t\t\t\t<div class=\"elementor-column elementor-col-50 elementor-top-column elementor-element elementor-element-705dae33\" data-id=\"705dae33\" data-element_type=\"column\" data-settings=\"{&quot;animation&quot;:&quot;none&quot;,&quot;motion_fx_motion_fx_scrolling&quot;:&quot;yes&quot;,&quot;motion_fx_translateX_effect&quot;:&quot;yes&quot;,&quot;motion_fx_translateX_speed&quot;:{&quot;unit&quot;:&quot;px&quot;,&quot;size&quot;:2,&quot;sizes&quot;:[]},&quot;motion_fx_translateX_affectedRange&quot;:{&quot;unit&quot;:&quot;%&quot;,&quot;size&quot;:&quot;&quot;,&quot;sizes&quot;:{&quot;start&quot;:0,&quot;end&quot;:50}},&quot;motion_fx_devices&quot;:[&quot;desktop&quot;,&quot;tablet&quot;,&quot;mobile&quot;]}\">\n\t\t\t<div class=\"elementor-widget-wrap elementor-element-populated\">\n\t\t\t\t\t\t<div class=\"elementor-element elementor-element-eacda21 animated-slow elementor-invisible elementor-widget elementor-widget-heading\" data-id=\"eacda21\" data-element_type=\"widget\" data-settings=\"{&quot;_animation&quot;:&quot;slideInUp&quot;,&quot;_animation_delay&quot;:200,&quot;_animation_mobile&quot;:&quot;fadeIn&quot;}\" data-widget_type=\"heading.default\">\n\t\t\t\t<div class=\"elementor-widget-container\">\n\t\t\t<h2 class=\"elementor-heading-title elementor-size-default\">Psicopedagog\u00eda\n<\/h2>\t\t<\/div>\n\t\t\t\t<\/div>\n\t\t\t\t<div class=\"elementor-element elementor-element-40017013 animated-slow elementor-hidden-mobile elementor-invisible elementor-widget elementor-widget-text-editor\" data-id=\"40017013\" data-element_type=\"widget\" data-settings=\"{&quot;_animation&quot;:&quot;fadeInUp&quot;,&quot;_animation_tablet&quot;:&quot;fadeIn&quot;,&quot;_animation_mobile&quot;:&quot;fadeIn&quot;}\" data-widget_type=\"text-editor.default\">\n\t\t\t\t<div class=\"elementor-widget-container\">\n\t\t\t\t\t\t\t<ul><li class=\"p1\"><p class=\"p1\">La reeducaci\u00f3n pedag\u00f3gica es una intervenci\u00f3n espec\u00edfica y personalizada para ni\u00f1o\/as y\/o adolescentes con\u00a0<b>dificultades de aprendizaje<\/b>\u00a0debido a un\u00a0<b>Trastorno de Aprendizaje (dislexia, disgraf\u00eda, discalculia, etc.), TDAH, Trastorno Espec\u00edfico del Aprendizaje, Discapacidad,<\/b>\u00a0entre otros. Tambi\u00e9n se plantea para alumno\/as con\u00a0<b>Altas Capacidades,<\/b>\u00a0con la intenci\u00f3n de lograr obtener su mayor potencial.<\/p><p class=\"p1\">A trav\u00e9s de la reeducaci\u00f3n pedag\u00f3gica se estimulan habilidades y capacidades cognitivas como atenci\u00f3n, memoria, flexibilidad cognitiva, orientaci\u00f3n espacial y temporal, lenguaje, etc., con el objetivo de lograr un adecuado desarrollo en el ni\u00f1o\/a y\/o adolescente y un mejor rendimiento acad\u00e9mico.<\/p><p class=\"p1\">Seg\u00fan la \u00faltima Gu\u00eda de Pr\u00e1ctica Cl\u00ednica del TDAH, se aconseja la reeducaci\u00f3n pedag\u00f3gica dentro del tratamiento multidisciplinar, incluyendo la intervenci\u00f3n en:<\/p><ul class=\"ul1\"><li class=\"li1\"><b><\/b>Mejorar el rendimiento acad\u00e9mico de las diferentes \u00e1reas, las instrumentales y aquellas m\u00e1s espec\u00edficas para cada curso escolar.<\/li><li class=\"li1\"><b><\/b>Trabajar los h\u00e1bitos que fomentan conductas apropiadas para el aprendizaje (como el manejo del horario y el control de la agenda escolar) y las t\u00e9cnicas de estudio (prelectura, lectura atenta, an\u00e1lisis y subrayado, s\u00edntesis y esquemas o res\u00famenes).<\/li><li class=\"li1\"><b><\/b>Elaborar y ense\u00f1ar estrategias para la preparaci\u00f3n y elaboraci\u00f3n de ex\u00e1menes.<\/li><li class=\"li1\"><b><\/b>Mejorar la autoestima en cuanto a las tareas y el estudio, identificando habilidades positivas y aumentando la motivaci\u00f3n por el logro.<\/li><li class=\"li1\"><b><\/b>Ense\u00f1ar y reforzar conductas apropiadas y facilitadoras de un buen estudio y cumplimiento de tareas.<\/li><li class=\"li1\"><b><\/b> Reducir o eliminar comportamientos inadecuados, como conductas desafiantes o malos h\u00e1bitos de organizaci\u00f3n.<\/li><li class=\"li1\"><b><\/b> Mantener actuaciones de coordinaci\u00f3n con el especialista que trate al ni\u00f1o y con la escuela para establecer objetivos comunes y ofrecer al docente estrategias para el manejo del ni\u00f1o o adolescente con TDAH en el aula.<\/li><li class=\"li1\"><b><\/b> Intervenir con los padres para ense\u00f1arles a poner en pr\u00e1ctica, monitorizar y reforzar el uso continuado de las tareas de gesti\u00f3n y organizaci\u00f3n del estudio en el hogar.<\/li><\/ul><div>\u00a0<\/div><p class=\"p1\"><b>Nuestra intervenci\u00f3n es individualizada seg\u00fan las necesidades del alumno\/a y su familia, as\u00ed como sus gustos e intereses. Adem\u00e1s, a diferencia de otros centros, al finalizar la sesi\u00f3n dedicaremos tiempo a comunicar a su familia los aspectos trabajados, as\u00ed como a dotar a la familia de las herramientas necesarias para generalizar los aprendizajes adquiridos.<\/b><\/p><p class=\"p1\"><b>Nuestro objetivo es la autonom\u00eda, adapt\u00e1ndonos a cada ritmo de aprendizaje.<\/b><\/p><\/li><\/ul>\t\t\t\t\t\t<\/div>\n\t\t\t\t<\/div>\n\t\t\t\t<div class=\"elementor-element elementor-element-81fb4cc animated-slow elementor-hidden-desktop elementor-hidden-tablet elementor-invisible elementor-widget elementor-widget-text-editor\" data-id=\"81fb4cc\" data-element_type=\"widget\" data-settings=\"{&quot;_animation&quot;:&quot;fadeInUp&quot;,&quot;_animation_tablet&quot;:&quot;fadeIn&quot;,&quot;_animation_mobile&quot;:&quot;fadeIn&quot;}\" data-widget_type=\"text-editor.default\">\n\t\t\t\t<div class=\"elementor-widget-container\">\n\t\t\t\t\t\t\t<ul><li class=\"p1\"><p class=\"p1\">La reeducaci\u00f3n pedag\u00f3gica es una intervenci\u00f3n espec\u00edfica y personalizada para ni\u00f1o\/as y\/o adolescentes con\u00a0<b>dificultades de aprendizaje<\/b>\u00a0debido a un\u00a0<b>Trastorno de Aprendizaje (dislexia, disgraf\u00eda, discalculia, etc.), TDAH, Trastorno Espec\u00edfico del Aprendizaje, Discapacidad,<\/b>\u00a0entre otros. Tambi\u00e9n se plantea para alumno\/as con\u00a0<b>Altas Capacidades,<\/b>\u00a0con la intenci\u00f3n de lograr obtener su mayor potencial.<\/p><p class=\"p1\">A trav\u00e9s de la reeducaci\u00f3n pedag\u00f3gica se estimulan habilidades y capacidades cognitivas como atenci\u00f3n, memoria, flexibilidad cognitiva, orientaci\u00f3n espacial y temporal, lenguaje, etc., con el objetivo de lograr un adecuado desarrollo en el ni\u00f1o\/a y\/o adolescente y un mejor rendimiento acad\u00e9mico.<\/p><p class=\"p1\">Seg\u00fan la \u00faltima Gu\u00eda de Pr\u00e1ctica Cl\u00ednica del TDAH, se aconseja la reeducaci\u00f3n pedag\u00f3gica dentro del tratamiento multidisciplinar, incluyendo la intervenci\u00f3n en:<\/p><ul class=\"ul1\"><li class=\"li1\"><b><\/b>Mejorar el rendimiento acad\u00e9mico de las diferentes \u00e1reas, las instrumentales y aquellas m\u00e1s espec\u00edficas para cada curso escolar.<\/li><li class=\"li1\"><b><\/b>Trabajar los h\u00e1bitos que fomentan conductas apropiadas para el aprendizaje (como el manejo del horario y el control de la agenda escolar) y las t\u00e9cnicas de estudio (prelectura, lectura atenta, an\u00e1lisis y subrayado, s\u00edntesis y esquemas o res\u00famenes).<\/li><li class=\"li1\"><b><\/b>Elaborar y ense\u00f1ar estrategias para la preparaci\u00f3n y elaboraci\u00f3n de ex\u00e1menes.<\/li><li class=\"li1\"><b><\/b>Mejorar la autoestima en cuanto a las tareas y el estudio, identificando habilidades positivas y aumentando la motivaci\u00f3n por el logro.<\/li><li class=\"li1\"><b><\/b>Ense\u00f1ar y reforzar conductas apropiadas y facilitadoras de un buen estudio y cumplimiento de tareas.<\/li><li class=\"li1\"><b><\/b> Reducir o eliminar comportamientos inadecuados, como conductas desafiantes o malos h\u00e1bitos de organizaci\u00f3n.<\/li><li class=\"li1\"><b><\/b> Mantener actuaciones de coordinaci\u00f3n con el especialista que trate al ni\u00f1o y con la escuela para establecer objetivos comunes y ofrecer al docente estrategias para el manejo del ni\u00f1o o adolescente con TDAH en el aula.<\/li><li class=\"li1\"><b><\/b> Intervenir con los padres para ense\u00f1arles a poner en pr\u00e1ctica, monitorizar y reforzar el uso continuado de las tareas de gesti\u00f3n y organizaci\u00f3n del estudio en el hogar.<\/li><\/ul><div>\u00a0<\/div><p class=\"p1\"><b>Nuestra intervenci\u00f3n es individualizada seg\u00fan las necesidades del alumno\/a y su familia, as\u00ed como sus gustos e intereses. Adem\u00e1s, a diferencia de otros centros, al finalizar la sesi\u00f3n dedicaremos tiempo a comunicar a su familia los aspectos trabajados, as\u00ed como a dotar a la familia de las herramientas necesarias para generalizar los aprendizajes adquiridos.<\/b><\/p><p class=\"p1\"><b>Nuestro objetivo es la autonom\u00eda, adapt\u00e1ndonos a cada ritmo de aprendizaje.<\/b><\/p><\/li><\/ul>\t\t\t\t\t\t<\/div>\n\t\t\t\t<\/div>\n\t\t\t\t<div class=\"elementor-element elementor-element-e454b90 animated-slow elementor-widget__width-initial elementor-invisible elementor-widget elementor-widget-text-editor\" data-id=\"e454b90\" data-element_type=\"widget\" data-settings=\"{&quot;_animation&quot;:&quot;fadeInUp&quot;,&quot;_animation_delay&quot;:300,&quot;_animation_tablet&quot;:&quot;fadeIn&quot;}\" data-widget_type=\"text-editor.default\">\n\t\t\t\t<div class=\"elementor-widget-container\">\n\t\t\t\t\t\t\t<p class=\"p4\"><i>\u201cTodos los ni\u00f1os pueden aprender, solo que no todos a la vez y de la misma manera\u201d,<\/i><\/p><h6 class=\"p4\"><i>George Evans<\/i><\/h6>\t\t\t\t\t\t<\/div>\n\t\t\t\t<\/div>\n\t\t\t\t\t<\/div>\n\t\t<\/div>\n\t\t\t\t\t<\/div>\n\t\t<\/section>\n\t\t\t\t<section class=\"elementor-section elementor-top-section elementor-element elementor-element-9ed2d73 elementor-section-content-middle elementor-section-boxed elementor-section-height-default elementor-section-height-default\" data-id=\"9ed2d73\" data-element_type=\"section\">\n\t\t\t\t\t\t<div class=\"elementor-container elementor-column-gap-default\">\n\t\t\t\t\t<div class=\"elementor-column elementor-col-100 elementor-top-column elementor-element elementor-element-91b3f52\" data-id=\"91b3f52\" data-element_type=\"column\">\n\t\t\t<div class=\"elementor-widget-wrap elementor-element-populated\">\n\t\t\t\t\t\t<div class=\"elementor-element elementor-element-20c279d elementor-align-center elementor-widget__width-initial e-transform elementor-widget elementor-widget-button\" data-id=\"20c279d\" data-element_type=\"widget\" data-settings=\"{&quot;_transform_skewX_effect&quot;:{&quot;unit&quot;:&quot;px&quot;,&quot;size&quot;:0,&quot;sizes&quot;:[]},&quot;_transform_skewX_effect_tablet&quot;:{&quot;unit&quot;:&quot;deg&quot;,&quot;size&quot;:&quot;&quot;,&quot;sizes&quot;:[]},&quot;_transform_skewX_effect_mobile&quot;:{&quot;unit&quot;:&quot;deg&quot;,&quot;size&quot;:&quot;&quot;,&quot;sizes&quot;:[]},&quot;_transform_skewY_effect&quot;:{&quot;unit&quot;:&quot;px&quot;,&quot;size&quot;:&quot;&quot;,&quot;sizes&quot;:[]},&quot;_transform_skewY_effect_tablet&quot;:{&quot;unit&quot;:&quot;deg&quot;,&quot;size&quot;:&quot;&quot;,&quot;sizes&quot;:[]},&quot;_transform_skewY_effect_mobile&quot;:{&quot;unit&quot;:&quot;deg&quot;,&quot;size&quot;:&quot;&quot;,&quot;sizes&quot;:[]}}\" data-widget_type=\"button.default\">\n\t\t\t\t<div class=\"elementor-widget-container\">\n\t\t\t\t\t<div class=\"elementor-button-wrapper\">\n\t\t\t<a class=\"elementor-button elementor-button-link elementor-size-sm\" href=\"\/contacto\">\n\t\t\t\t\t\t<span class=\"elementor-button-content-wrapper\">\n\t\t\t\t\t\t\t\t\t<span class=\"elementor-button-text\">INF\u00d3RMATE<\/span>\n\t\t\t\t\t<\/span>\n\t\t\t\t\t<\/a>\n\t\t<\/div>\n\t\t\t\t<\/div>\n\t\t\t\t<\/div>\n\t\t\t\t\t<\/div>\n\t\t<\/div>\n\t\t\t\t\t<\/div>\n\t\t<\/section>\n\t\t\t\t<\/div>\n\t\t","protected":false},"excerpt":{"rendered":"<p>Psicopedagog\u00eda La reeducaci\u00f3n pedag\u00f3gica es una intervenci\u00f3n espec\u00edfica y personalizada para ni\u00f1o\/as y\/o adolescentes con\u00a0dificultades de aprendizaje\u00a0debido a un\u00a0Trastorno de Aprendizaje (dislexia, disgraf\u00eda, discalculia, etc.), TDAH, Trastorno Espec\u00edfico del Aprendizaje, Discapacidad,\u00a0entre otros. Tambi\u00e9n se plantea para alumno\/as con\u00a0Altas Capacidades,\u00a0con la intenci\u00f3n de lograr obtener su mayor potencial. A trav\u00e9s de la reeducaci\u00f3n pedag\u00f3gica se estimulan [&hellip;]<\/p>\n","protected":false},"author":2,"featured_media":0,"parent":0,"menu_order":0,"comment_status":"closed","ping_status":"closed","template":"","meta":{"footnotes":""},"class_list":["post-1609","page","type-page","status-publish","hentry"],"yoast_head":"<!-- This site is optimized with the Yoast SEO plugin v27.6 - https:\/\/yoast.com\/product\/yoast-seo-wordpress\/ -->\n<title>Psicopedagog\u00eda - centrocatyda.com<\/title>\n<meta name=\"description\" content=\"Psicopedagog\u00eda infantil: Ayudamos a tu hijo a alcanzar su m\u00e1ximo potencial. Diagn\u00f3stico y tratamiento de dificultades de aprendizaje, TDAH, altas capacidades y m\u00e1s. - Psicopedagog\u00eda para adultos: Supera tus obst\u00e1culos y alcanza tus metas educativas y profesionales. Coaching educativo, preparaci\u00f3n de ex\u00e1menes y orientaci\u00f3n vocacional.\" \/>\n<meta name=\"robots\" content=\"index, follow, max-snippet:-1, max-image-preview:large, max-video-preview:-1\" \/>\n<link rel=\"canonical\" href=\"https:\/\/centrocatyda.com\/en\/psicopedagogia\/\" \/>\n<meta property=\"og:locale\" content=\"en_GB\" \/>\n<meta property=\"og:type\" content=\"article\" \/>\n<meta property=\"og:title\" content=\"Psicopedagog\u00eda - centrocatyda.com\" \/>\n<meta property=\"og:description\" content=\"Psicopedagog\u00eda infantil: Ayudamos a tu hijo a alcanzar su m\u00e1ximo potencial. Diagn\u00f3stico y tratamiento de dificultades de aprendizaje, TDAH, altas capacidades y m\u00e1s. - Psicopedagog\u00eda para adultos: Supera tus obst\u00e1culos y alcanza tus metas educativas y profesionales. Coaching educativo, preparaci\u00f3n de ex\u00e1menes y orientaci\u00f3n vocacional.\" \/>\n<meta property=\"og:url\" content=\"https:\/\/centrocatyda.com\/en\/psicopedagogia\/\" \/>\n<meta property=\"og:site_name\" content=\"centrocatyda.com\" \/>\n<meta property=\"article:publisher\" content=\"https:\/\/www.facebook.com\/centrocatyda\/\" \/>\n<meta property=\"article:modified_time\" content=\"2024-11-06T10:03:31+00:00\" \/>\n<meta name=\"twitter:card\" content=\"summary_large_image\" \/>\n<meta name=\"twitter:label1\" content=\"Estimated reading time\" \/>\n\t<meta name=\"twitter:data1\" content=\"4 minutes\" \/>\n<script type=\"application\/ld+json\" class=\"yoast-schema-graph\">{\"@context\":\"https:\\\/\\\/schema.org\",\"@graph\":[{\"@type\":\"WebPage\",\"@id\":\"https:\\\/\\\/centrocatyda.com\\\/psicopedagogia\\\/\",\"url\":\"https:\\\/\\\/centrocatyda.com\\\/psicopedagogia\\\/\",\"name\":\"Psicopedagog\u00eda - centrocatyda.com\",\"isPartOf\":{\"@id\":\"https:\\\/\\\/centrocatyda.com\\\/#website\"},\"datePublished\":\"2024-08-24T10:39:32+00:00\",\"dateModified\":\"2024-11-06T10:03:31+00:00\",\"description\":\"Psicopedagog\u00eda infantil: Ayudamos a tu hijo a alcanzar su m\u00e1ximo potencial. Diagn\u00f3stico y tratamiento de dificultades de aprendizaje, TDAH, altas capacidades y m\u00e1s. - Psicopedagog\u00eda para adultos: Supera tus obst\u00e1culos y alcanza tus metas educativas y profesionales. Coaching educativo, preparaci\u00f3n de ex\u00e1menes y orientaci\u00f3n vocacional.\",\"breadcrumb\":{\"@id\":\"https:\\\/\\\/centrocatyda.com\\\/psicopedagogia\\\/#breadcrumb\"},\"inLanguage\":\"en-GB\",\"potentialAction\":[{\"@type\":\"ReadAction\",\"target\":[\"https:\\\/\\\/centrocatyda.com\\\/psicopedagogia\\\/\"]}]},{\"@type\":\"BreadcrumbList\",\"@id\":\"https:\\\/\\\/centrocatyda.com\\\/psicopedagogia\\\/#breadcrumb\",\"itemListElement\":[{\"@type\":\"ListItem\",\"position\":1,\"name\":\"Portada\",\"item\":\"https:\\\/\\\/centrocatyda.com\\\/\"},{\"@type\":\"ListItem\",\"position\":2,\"name\":\"Psicopedagog\u00eda\"}]},{\"@type\":\"WebSite\",\"@id\":\"https:\\\/\\\/centrocatyda.com\\\/#website\",\"url\":\"https:\\\/\\\/centrocatyda.com\\\/\",\"name\":\"Centro CATYDA\",\"description\":\"\",\"publisher\":{\"@id\":\"https:\\\/\\\/centrocatyda.com\\\/#organization\"},\"potentialAction\":[{\"@type\":\"SearchAction\",\"target\":{\"@type\":\"EntryPoint\",\"urlTemplate\":\"https:\\\/\\\/centrocatyda.com\\\/?s={search_term_string}\"},\"query-input\":{\"@type\":\"PropertyValueSpecification\",\"valueRequired\":true,\"valueName\":\"search_term_string\"}}],\"inLanguage\":\"en-GB\"},{\"@type\":\"Organization\",\"@id\":\"https:\\\/\\\/centrocatyda.com\\\/#organization\",\"name\":\"Centro CATYDA\",\"url\":\"https:\\\/\\\/centrocatyda.com\\\/\",\"logo\":{\"@type\":\"ImageObject\",\"inLanguage\":\"en-GB\",\"@id\":\"https:\\\/\\\/centrocatyda.com\\\/#\\\/schema\\\/logo\\\/image\\\/\",\"url\":\"https:\\\/\\\/centrocatyda.com\\\/wp-content\\\/uploads\\\/2023\\\/04\\\/logo.png\",\"contentUrl\":\"https:\\\/\\\/centrocatyda.com\\\/wp-content\\\/uploads\\\/2023\\\/04\\\/logo.png\",\"width\":2506,\"height\":565,\"caption\":\"Centro CATYDA\"},\"image\":{\"@id\":\"https:\\\/\\\/centrocatyda.com\\\/#\\\/schema\\\/logo\\\/image\\\/\"},\"sameAs\":[\"https:\\\/\\\/www.facebook.com\\\/centrocatyda\\\/\"]}]}<\/script>\n<!-- \/ Yoast SEO plugin. -->","yoast_head_json":{"title":"Psicopedagog\u00eda - centrocatyda.com","description":"Psicopedagog\u00eda infantil: Ayudamos a tu hijo a alcanzar su m\u00e1ximo potencial. Diagn\u00f3stico y tratamiento de dificultades de aprendizaje, TDAH, altas capacidades y m\u00e1s. - Psicopedagog\u00eda para adultos: Supera tus obst\u00e1culos y alcanza tus metas educativas y profesionales. Coaching educativo, preparaci\u00f3n de ex\u00e1menes y orientaci\u00f3n vocacional.","robots":{"index":"index","follow":"follow","max-snippet":"max-snippet:-1","max-image-preview":"max-image-preview:large","max-video-preview":"max-video-preview:-1"},"canonical":"https:\/\/centrocatyda.com\/en\/psicopedagogia\/","og_locale":"en_GB","og_type":"article","og_title":"Psicopedagog\u00eda - centrocatyda.com","og_description":"Psicopedagog\u00eda infantil: Ayudamos a tu hijo a alcanzar su m\u00e1ximo potencial. Diagn\u00f3stico y tratamiento de dificultades de aprendizaje, TDAH, altas capacidades y m\u00e1s. - Psicopedagog\u00eda para adultos: Supera tus obst\u00e1culos y alcanza tus metas educativas y profesionales. Coaching educativo, preparaci\u00f3n de ex\u00e1menes y orientaci\u00f3n vocacional.","og_url":"https:\/\/centrocatyda.com\/en\/psicopedagogia\/","og_site_name":"centrocatyda.com","article_publisher":"https:\/\/www.facebook.com\/centrocatyda\/","article_modified_time":"2024-11-06T10:03:31+00:00","twitter_card":"summary_large_image","twitter_misc":{"Estimated reading time":"4 minutes"},"schema":{"@context":"https:\/\/schema.org","@graph":[{"@type":"WebPage","@id":"https:\/\/centrocatyda.com\/psicopedagogia\/","url":"https:\/\/centrocatyda.com\/psicopedagogia\/","name":"Psicopedagog\u00eda - centrocatyda.com","isPartOf":{"@id":"https:\/\/centrocatyda.com\/#website"},"datePublished":"2024-08-24T10:39:32+00:00","dateModified":"2024-11-06T10:03:31+00:00","description":"Psicopedagog\u00eda infantil: Ayudamos a tu hijo a alcanzar su m\u00e1ximo potencial. Diagn\u00f3stico y tratamiento de dificultades de aprendizaje, TDAH, altas capacidades y m\u00e1s. - Psicopedagog\u00eda para adultos: Supera tus obst\u00e1culos y alcanza tus metas educativas y profesionales. Coaching educativo, preparaci\u00f3n de ex\u00e1menes y orientaci\u00f3n vocacional.","breadcrumb":{"@id":"https:\/\/centrocatyda.com\/psicopedagogia\/#breadcrumb"},"inLanguage":"en-GB","potentialAction":[{"@type":"ReadAction","target":["https:\/\/centrocatyda.com\/psicopedagogia\/"]}]},{"@type":"BreadcrumbList","@id":"https:\/\/centrocatyda.com\/psicopedagogia\/#breadcrumb","itemListElement":[{"@type":"ListItem","position":1,"name":"Portada","item":"https:\/\/centrocatyda.com\/"},{"@type":"ListItem","position":2,"name":"Psicopedagog\u00eda"}]},{"@type":"WebSite","@id":"https:\/\/centrocatyda.com\/#website","url":"https:\/\/centrocatyda.com\/","name":"Centro CATYDA","description":"","publisher":{"@id":"https:\/\/centrocatyda.com\/#organization"},"potentialAction":[{"@type":"SearchAction","target":{"@type":"EntryPoint","urlTemplate":"https:\/\/centrocatyda.com\/?s={search_term_string}"},"query-input":{"@type":"PropertyValueSpecification","valueRequired":true,"valueName":"search_term_string"}}],"inLanguage":"en-GB"},{"@type":"Organization","@id":"https:\/\/centrocatyda.com\/#organization","name":"Centro CATYDA","url":"https:\/\/centrocatyda.com\/","logo":{"@type":"ImageObject","inLanguage":"en-GB","@id":"https:\/\/centrocatyda.com\/#\/schema\/logo\/image\/","url":"https:\/\/centrocatyda.com\/wp-content\/uploads\/2023\/04\/logo.png","contentUrl":"https:\/\/centrocatyda.com\/wp-content\/uploads\/2023\/04\/logo.png","width":2506,"height":565,"caption":"Centro CATYDA"},"image":{"@id":"https:\/\/centrocatyda.com\/#\/schema\/logo\/image\/"},"sameAs":["https:\/\/www.facebook.com\/centrocatyda\/"]}]}},"_links":{"self":[{"href":"https:\/\/centrocatyda.com\/en\/wp-json\/wp\/v2\/pages\/1609","targetHints":{"allow":["GET"]}}],"collection":[{"href":"https:\/\/centrocatyda.com\/en\/wp-json\/wp\/v2\/pages"}],"about":[{"href":"https:\/\/centrocatyda.com\/en\/wp-json\/wp\/v2\/types\/page"}],"author":[{"embeddable":true,"href":"https:\/\/centrocatyda.com\/en\/wp-json\/wp\/v2\/users\/2"}],"replies":[{"embeddable":true,"href":"https:\/\/centrocatyda.com\/en\/wp-json\/wp\/v2\/comments?post=1609"}],"version-history":[{"count":31,"href":"https:\/\/centrocatyda.com\/en\/wp-json\/wp\/v2\/pages\/1609\/revisions"}],"predecessor-version":[{"id":2333,"href":"https:\/\/centrocatyda.com\/en\/wp-json\/wp\/v2\/pages\/1609\/revisions\/2333"}],"wp:attachment":[{"href":"https:\/\/centrocatyda.com\/en\/wp-json\/wp\/v2\/media?parent=1609"}],"curies":[{"name":"wp","href":"https:\/\/api.w.org\/{rel}","templated":true}]}}