{"id":1658,"date":"2024-08-24T11:30:48","date_gmt":"2024-08-24T11:30:48","guid":{"rendered":"https:\/\/centrocatyda.com\/?page_id=1658"},"modified":"2024-11-06T10:07:28","modified_gmt":"2024-11-06T10:07:28","slug":"formacion-para-profesores","status":"publish","type":"page","link":"https:\/\/centrocatyda.com\/en\/formacion-para-profesores\/","title":{"rendered":"Formaci\u00f3n"},"content":{"rendered":"\t\t<div data-elementor-type=\"wp-page\" data-elementor-id=\"1658\" class=\"elementor elementor-1658\" data-elementor-post-type=\"page\">\n\t\t\t\t\t\t<section class=\"elementor-section elementor-top-section elementor-element elementor-element-1a4a5dbb animated-slow elementor-section-boxed elementor-section-height-default elementor-section-height-default elementor-invisible\" data-id=\"1a4a5dbb\" data-element_type=\"section\" data-settings=\"{&quot;background_background&quot;:&quot;classic&quot;,&quot;animation&quot;:&quot;fadeIn&quot;}\">\n\t\t\t\t\t\t\t<div class=\"elementor-background-overlay\"><\/div>\n\t\t\t\t\t\t\t<div class=\"elementor-container elementor-column-gap-default\">\n\t\t\t\t\t<div class=\"elementor-column elementor-col-100 elementor-top-column elementor-element elementor-element-55dce5ae\" data-id=\"55dce5ae\" data-element_type=\"column\" data-settings=\"{&quot;animation&quot;:&quot;none&quot;}\">\n\t\t\t<div class=\"elementor-widget-wrap\">\n\t\t\t\t\t\t\t<\/div>\n\t\t<\/div>\n\t\t\t\t\t<\/div>\n\t\t<\/section>\n\t\t\t\t<section class=\"elementor-section elementor-top-section elementor-element elementor-element-5429281c elementor-section-boxed elementor-section-height-default elementor-section-height-default\" data-id=\"5429281c\" data-element_type=\"section\" data-settings=\"{&quot;background_background&quot;:&quot;classic&quot;}\">\n\t\t\t\t\t\t<div class=\"elementor-container elementor-column-gap-default\">\n\t\t\t\t\t<div class=\"elementor-column elementor-col-100 elementor-top-column elementor-element elementor-element-705dae33\" data-id=\"705dae33\" data-element_type=\"column\" data-settings=\"{&quot;animation&quot;:&quot;none&quot;,&quot;motion_fx_motion_fx_scrolling&quot;:&quot;yes&quot;,&quot;motion_fx_translateX_effect&quot;:&quot;yes&quot;,&quot;motion_fx_translateX_speed&quot;:{&quot;unit&quot;:&quot;px&quot;,&quot;size&quot;:2,&quot;sizes&quot;:[]},&quot;motion_fx_translateX_affectedRange&quot;:{&quot;unit&quot;:&quot;%&quot;,&quot;size&quot;:&quot;&quot;,&quot;sizes&quot;:{&quot;start&quot;:0,&quot;end&quot;:50}},&quot;motion_fx_devices&quot;:[&quot;desktop&quot;,&quot;tablet&quot;,&quot;mobile&quot;]}\">\n\t\t\t<div class=\"elementor-widget-wrap elementor-element-populated\">\n\t\t\t\t\t\t<div class=\"elementor-element elementor-element-eacda21 animated-slow elementor-invisible elementor-widget elementor-widget-heading\" data-id=\"eacda21\" data-element_type=\"widget\" data-settings=\"{&quot;_animation&quot;:&quot;slideInUp&quot;,&quot;_animation_delay&quot;:200,&quot;_animation_mobile&quot;:&quot;fadeIn&quot;}\" data-widget_type=\"heading.default\">\n\t\t\t\t<div class=\"elementor-widget-container\">\n\t\t\t<h2 class=\"elementor-heading-title elementor-size-default\">Formaci\u00f3n<\/h2>\t\t<\/div>\n\t\t\t\t<\/div>\n\t\t\t\t<div class=\"elementor-element elementor-element-40017013 animated-slow elementor-hidden-mobile elementor-invisible elementor-widget elementor-widget-text-editor\" data-id=\"40017013\" data-element_type=\"widget\" data-settings=\"{&quot;_animation&quot;:&quot;fadeInUp&quot;,&quot;_animation_tablet&quot;:&quot;fadeIn&quot;,&quot;_animation_mobile&quot;:&quot;fadeIn&quot;}\" data-widget_type=\"text-editor.default\">\n\t\t\t\t<div class=\"elementor-widget-container\">\n\t\t\t\t\t\t\t<ul><li class=\"p1\"><p class=\"p1\">Para que el profesorado ofrezca al alumnado con TDAH una intervenci\u00f3n educativa eficaz,\u00a0es necesario que el profesorado cuente con una formaci\u00f3n especializada.<br \/>Por ello, desde el Centro CATYDA, se intenta priorizar en ofrecer este servicio en los centros educativos, con la intenci\u00f3n de reducir el fracaso escolar y reconducir los s\u00edntomas conductuales.<\/p><p class=\"p2\">Desde la \u00faltima Gu\u00eda de Pr\u00e1ctica Cl\u00ednica del TDAH se se\u00f1ala dentro de la intervenci\u00f3n la formaci\u00f3n a docentes. La formaci\u00f3n permite que \u00e9stos reciban psicoeducaci\u00f3n sobre el trastorno, modifiquen pensamientos y opiniones en cuanto a los ni\u00f1os y adolescentes con TDAH, se entrenen en pautas de conducta y se capaciten para la detecci\u00f3n de se\u00f1ales de alerta del TDAH, favoreciendo as\u00ed la detecci\u00f3n precoz.<\/p><p class=\"p2\">Las charlas se realizan de forma presencial dentro del per\u00edodo escolar en la\u00a0provincia de C\u00e1diz. Adem\u00e1s, fuera de C\u00e1diz se plantean de forma online.<\/p><p class=\"p2\">Dirigida a\u00a0todos los centros escolares, ya sean de infantil, primaria, secundaria o bachillerato, o de ser centros p\u00fablicos, concertados o privados.<\/p><p class=\"p3\"><i>(*) Preguntar sobre la posibilidad de adaptar la charla a las necesidades formativa del centro educativo<\/i><\/p><p class=\"p3\"><i>(**) Si est\u00e1 interesado\/a contacte lo antes posible, fechas limitadas.<\/i><\/p><\/li><\/ul>\t\t\t\t\t\t<\/div>\n\t\t\t\t<\/div>\n\t\t\t\t<div class=\"elementor-element elementor-element-4861ad0 animated-slow elementor-hidden-desktop elementor-hidden-tablet elementor-invisible elementor-widget elementor-widget-text-editor\" data-id=\"4861ad0\" data-element_type=\"widget\" data-settings=\"{&quot;_animation&quot;:&quot;fadeInUp&quot;,&quot;_animation_tablet&quot;:&quot;fadeIn&quot;,&quot;_animation_mobile&quot;:&quot;fadeIn&quot;}\" data-widget_type=\"text-editor.default\">\n\t\t\t\t<div class=\"elementor-widget-container\">\n\t\t\t\t\t\t\t<ul><li class=\"p1\"><p class=\"p1\">Para que el profesorado ofrezca al alumnado con TDAH una intervenci\u00f3n educativa eficaz,\u00a0es necesario que el profesorado cuente con una formaci\u00f3n especializada.<br \/>Por ello, desde el Centro CATYDA, se intenta priorizar en ofrecer este servicio en los centros educativos, con la intenci\u00f3n de reducir el fracaso escolar y reconducir los s\u00edntomas conductuales.<\/p><p class=\"p2\">Desde la \u00faltima Gu\u00eda de Pr\u00e1ctica Cl\u00ednica del TDAH se se\u00f1ala dentro de la intervenci\u00f3n la formaci\u00f3n a docentes. La formaci\u00f3n permite que \u00e9stos reciban psicoeducaci\u00f3n sobre el trastorno, modifiquen pensamientos y opiniones en cuanto a los ni\u00f1os y adolescentes con TDAH, se entrenen en pautas de conducta y se capaciten para la detecci\u00f3n de se\u00f1ales de alerta del TDAH, favoreciendo as\u00ed la detecci\u00f3n precoz.<\/p><p class=\"p2\">Las charlas se realizan de forma presencial dentro del per\u00edodo escolar en la\u00a0provincia de C\u00e1diz. Adem\u00e1s, fuera de C\u00e1diz se plantean de forma online.<\/p><p class=\"p2\">Dirigida a\u00a0todos los centros escolares, ya sean de infantil, primaria, secundaria o bachillerato, o de ser centros p\u00fablicos, concertados o privados.<\/p><p class=\"p3\"><i>(*) Preguntar sobre la posibilidad de adaptar la charla a las necesidades formativa del centro educativo<\/i><\/p><p class=\"p3\"><i>(**) Si est\u00e1 interesado\/a contacte lo antes posible, fechas limitadas.<\/i><\/p><\/li><\/ul>\t\t\t\t\t\t<\/div>\n\t\t\t\t<\/div>\n\t\t\t\t<div class=\"elementor-element elementor-element-e454b90 animated-slow elementor-widget__width-initial elementor-invisible elementor-widget elementor-widget-text-editor\" data-id=\"e454b90\" data-element_type=\"widget\" data-settings=\"{&quot;_animation&quot;:&quot;fadeInUp&quot;,&quot;_animation_delay&quot;:300,&quot;_animation_tablet&quot;:&quot;fadeIn&quot;}\" data-widget_type=\"text-editor.default\">\n\t\t\t\t<div class=\"elementor-widget-container\">\n\t\t\t\t\t\t\t<p class=\"p1\"><i>\u00abEnse\u00f1ar es dejar huella en la vida de una persona\u00bb<\/i><\/p>\t\t\t\t\t\t<\/div>\n\t\t\t\t<\/div>\n\t\t\t\t\t<\/div>\n\t\t<\/div>\n\t\t\t\t\t<\/div>\n\t\t<\/section>\n\t\t\t\t<section class=\"elementor-section elementor-top-section elementor-element elementor-element-9ed2d73 elementor-section-content-middle elementor-section-boxed elementor-section-height-default elementor-section-height-default\" data-id=\"9ed2d73\" data-element_type=\"section\">\n\t\t\t\t\t\t<div class=\"elementor-container elementor-column-gap-default\">\n\t\t\t\t\t<div class=\"elementor-column elementor-col-100 elementor-top-column elementor-element elementor-element-91b3f52\" data-id=\"91b3f52\" data-element_type=\"column\">\n\t\t\t<div class=\"elementor-widget-wrap elementor-element-populated\">\n\t\t\t\t\t\t<div class=\"elementor-element elementor-element-233b929 elementor-arrows-position-inside elementor-pagination-position-outside elementor-widget elementor-widget-image-carousel\" data-id=\"233b929\" data-element_type=\"widget\" data-settings=\"{&quot;navigation&quot;:&quot;both&quot;,&quot;autoplay&quot;:&quot;yes&quot;,&quot;pause_on_hover&quot;:&quot;yes&quot;,&quot;pause_on_interaction&quot;:&quot;yes&quot;,&quot;autoplay_speed&quot;:5000,&quot;infinite&quot;:&quot;yes&quot;,&quot;speed&quot;:500}\" data-widget_type=\"image-carousel.default\">\n\t\t\t\t<div class=\"elementor-widget-container\">\n\t\t\t\t\t<div class=\"elementor-image-carousel-wrapper swiper\" dir=\"ltr\">\n\t\t\t<div class=\"elementor-image-carousel swiper-wrapper\" aria-live=\"off\">\n\t\t\t\t\t\t\t\t<div class=\"swiper-slide\" role=\"group\" aria-roledescription=\"slide\" aria-label=\"1 of 8\"><figure class=\"swiper-slide-inner\"><img decoding=\"async\" class=\"swiper-slide-image\" src=\"https:\/\/centrocatyda.com\/wp-content\/uploads\/2024\/10\/p3-300x300.jpg\" alt=\"\" \/><\/figure><\/div><div class=\"swiper-slide\" role=\"group\" aria-roledescription=\"slide\" aria-label=\"2 of 8\"><figure class=\"swiper-slide-inner\"><img decoding=\"async\" class=\"swiper-slide-image\" src=\"https:\/\/centrocatyda.com\/wp-content\/uploads\/2024\/10\/h7-300x300.jpg\" alt=\"\" \/><\/figure><\/div><div class=\"swiper-slide\" role=\"group\" aria-roledescription=\"slide\" aria-label=\"3 of 8\"><figure class=\"swiper-slide-inner\"><img decoding=\"async\" class=\"swiper-slide-image\" src=\"https:\/\/centrocatyda.com\/wp-content\/uploads\/2024\/10\/g6-300x300.jpg\" alt=\"\" \/><\/figure><\/div><div class=\"swiper-slide\" role=\"group\" aria-roledescription=\"slide\" aria-label=\"4 of 8\"><figure class=\"swiper-slide-inner\"><img decoding=\"async\" class=\"swiper-slide-image\" src=\"https:\/\/centrocatyda.com\/wp-content\/uploads\/2024\/10\/f6-300x300.jpg\" alt=\"\" \/><\/figure><\/div><div class=\"swiper-slide\" role=\"group\" aria-roledescription=\"slide\" aria-label=\"5 of 8\"><figure class=\"swiper-slide-inner\"><img decoding=\"async\" class=\"swiper-slide-image\" src=\"https:\/\/centrocatyda.com\/wp-content\/uploads\/2024\/10\/f4-300x300.jpg\" alt=\"\" \/><\/figure><\/div><div class=\"swiper-slide\" role=\"group\" aria-roledescription=\"slide\" aria-label=\"6 of 8\"><figure class=\"swiper-slide-inner\"><img decoding=\"async\" class=\"swiper-slide-image\" src=\"https:\/\/centrocatyda.com\/wp-content\/uploads\/2024\/10\/f1-300x300.jpg\" alt=\"\" \/><\/figure><\/div><div class=\"swiper-slide\" role=\"group\" aria-roledescription=\"slide\" aria-label=\"7 of 8\"><figure class=\"swiper-slide-inner\"><img decoding=\"async\" class=\"swiper-slide-image\" src=\"https:\/\/centrocatyda.com\/wp-content\/uploads\/2024\/10\/formacion-2-300x300.jpg\" alt=\"\" \/><\/figure><\/div><div class=\"swiper-slide\" role=\"group\" aria-roledescription=\"slide\" aria-label=\"8 of 8\"><figure class=\"swiper-slide-inner\"><img decoding=\"async\" class=\"swiper-slide-image\" src=\"https:\/\/centrocatyda.com\/wp-content\/uploads\/2024\/10\/formacion-1-300x300.png\" alt=\"\" \/><\/figure><\/div>\t\t\t<\/div>\n\t\t\t\t\t\t\t\t\t\t\t\t<div class=\"elementor-swiper-button elementor-swiper-button-prev\" role=\"button\" tabindex=\"0\">\n\t\t\t\t\t\t<i aria-hidden=\"true\" class=\"eicon-chevron-left\"><\/i>\t\t\t\t\t<\/div>\n\t\t\t\t\t<div class=\"elementor-swiper-button elementor-swiper-button-next\" role=\"button\" tabindex=\"0\">\n\t\t\t\t\t\t<i aria-hidden=\"true\" class=\"eicon-chevron-right\"><\/i>\t\t\t\t\t<\/div>\n\t\t\t\t\n\t\t\t\t\t\t\t\t\t<div class=\"swiper-pagination\"><\/div>\n\t\t\t\t\t\t\t\t\t<\/div>\n\t\t\t\t<\/div>\n\t\t\t\t<\/div>\n\t\t\t\t<div class=\"elementor-element elementor-element-20c279d elementor-align-center elementor-widget__width-initial e-transform elementor-widget elementor-widget-button\" data-id=\"20c279d\" data-element_type=\"widget\" data-settings=\"{&quot;_transform_skewX_effect&quot;:{&quot;unit&quot;:&quot;px&quot;,&quot;size&quot;:0,&quot;sizes&quot;:[]},&quot;_transform_skewX_effect_tablet&quot;:{&quot;unit&quot;:&quot;deg&quot;,&quot;size&quot;:&quot;&quot;,&quot;sizes&quot;:[]},&quot;_transform_skewX_effect_mobile&quot;:{&quot;unit&quot;:&quot;deg&quot;,&quot;size&quot;:&quot;&quot;,&quot;sizes&quot;:[]},&quot;_transform_skewY_effect&quot;:{&quot;unit&quot;:&quot;px&quot;,&quot;size&quot;:&quot;&quot;,&quot;sizes&quot;:[]},&quot;_transform_skewY_effect_tablet&quot;:{&quot;unit&quot;:&quot;deg&quot;,&quot;size&quot;:&quot;&quot;,&quot;sizes&quot;:[]},&quot;_transform_skewY_effect_mobile&quot;:{&quot;unit&quot;:&quot;deg&quot;,&quot;size&quot;:&quot;&quot;,&quot;sizes&quot;:[]}}\" data-widget_type=\"button.default\">\n\t\t\t\t<div class=\"elementor-widget-container\">\n\t\t\t\t\t<div class=\"elementor-button-wrapper\">\n\t\t\t<a class=\"elementor-button elementor-button-link elementor-size-sm\" href=\"\/contacto\">\n\t\t\t\t\t\t<span class=\"elementor-button-content-wrapper\">\n\t\t\t\t\t\t\t\t\t<span class=\"elementor-button-text\">INF\u00d3RMATE<\/span>\n\t\t\t\t\t<\/span>\n\t\t\t\t\t<\/a>\n\t\t<\/div>\n\t\t\t\t<\/div>\n\t\t\t\t<\/div>\n\t\t\t\t\t<\/div>\n\t\t<\/div>\n\t\t\t\t\t<\/div>\n\t\t<\/section>\n\t\t\t\t<\/div>\n\t\t","protected":false},"excerpt":{"rendered":"<p>Formaci\u00f3n Para que el profesorado ofrezca al alumnado con TDAH una intervenci\u00f3n educativa eficaz,\u00a0es necesario que el profesorado cuente con una formaci\u00f3n especializada.Por ello, desde el Centro CATYDA, se intenta priorizar en ofrecer este servicio en los centros educativos, con la intenci\u00f3n de reducir el fracaso escolar y reconducir los s\u00edntomas conductuales. Desde la \u00faltima [&hellip;]<\/p>\n","protected":false},"author":2,"featured_media":0,"parent":0,"menu_order":0,"comment_status":"closed","ping_status":"closed","template":"","meta":{"footnotes":""},"class_list":["post-1658","page","type-page","status-publish","hentry"],"yoast_head":"<!-- This site is optimized with the Yoast SEO plugin v27.5 - https:\/\/yoast.com\/product\/yoast-seo-wordpress\/ -->\n<title>Formaci\u00f3n - centrocatyda.com<\/title>\n<meta name=\"description\" content=\"Forma parte de nuestra comunidad de profesionales. Ofrecemos formaci\u00f3n continua, cursos y m\u00e1steres en psicolog\u00eda, logopedia, pedagog\u00eda y apoyo escolar. - Especial\u00edzate en trastornos del neurodesarrollo. Nuestro m\u00e1ster te proporcionar\u00e1 las herramientas necesarias para intervenir de manera efectiva. - Formaci\u00f3n online flexible y adaptada a tu ritmo de vida. Aprende desde cualquier lugar y en cualquier momento. - Aumenta tus conocimientos y habilidades profesionales. Accede a las \u00faltimas investigaciones y t\u00e9cnicas en el campo de la educaci\u00f3n y la salud mental. % %\" \/>\n<meta name=\"robots\" content=\"index, follow, max-snippet:-1, max-image-preview:large, max-video-preview:-1\" \/>\n<link rel=\"canonical\" href=\"https:\/\/centrocatyda.com\/en\/formacion-para-profesores\/\" \/>\n<meta property=\"og:locale\" content=\"en_GB\" \/>\n<meta property=\"og:type\" content=\"article\" \/>\n<meta property=\"og:title\" content=\"Formaci\u00f3n - centrocatyda.com\" \/>\n<meta property=\"og:description\" content=\"Forma parte de nuestra comunidad de profesionales. Ofrecemos formaci\u00f3n continua, cursos y m\u00e1steres en psicolog\u00eda, logopedia, pedagog\u00eda y apoyo escolar. - Especial\u00edzate en trastornos del neurodesarrollo. Nuestro m\u00e1ster te proporcionar\u00e1 las herramientas necesarias para intervenir de manera efectiva. - Formaci\u00f3n online flexible y adaptada a tu ritmo de vida. Aprende desde cualquier lugar y en cualquier momento. - Aumenta tus conocimientos y habilidades profesionales. Accede a las \u00faltimas investigaciones y t\u00e9cnicas en el campo de la educaci\u00f3n y la salud mental. % %\" \/>\n<meta property=\"og:url\" content=\"https:\/\/centrocatyda.com\/en\/formacion-para-profesores\/\" \/>\n<meta property=\"og:site_name\" content=\"centrocatyda.com\" \/>\n<meta property=\"article:publisher\" content=\"https:\/\/www.facebook.com\/centrocatyda\/\" \/>\n<meta property=\"article:modified_time\" content=\"2024-11-06T10:07:28+00:00\" \/>\n<meta property=\"og:image\" content=\"https:\/\/centrocatyda.com\/wp-content\/uploads\/2024\/10\/p3-300x300.jpg\" \/>\n<meta name=\"twitter:card\" content=\"summary_large_image\" \/>\n<meta name=\"twitter:label1\" content=\"Estimated reading time\" \/>\n\t<meta name=\"twitter:data1\" content=\"5 minutes\" \/>\n<script type=\"application\/ld+json\" class=\"yoast-schema-graph\">{\"@context\":\"https:\\\/\\\/schema.org\",\"@graph\":[{\"@type\":\"WebPage\",\"@id\":\"https:\\\/\\\/centrocatyda.com\\\/formacion-para-profesores\\\/\",\"url\":\"https:\\\/\\\/centrocatyda.com\\\/formacion-para-profesores\\\/\",\"name\":\"Formaci\u00f3n - centrocatyda.com\",\"isPartOf\":{\"@id\":\"https:\\\/\\\/centrocatyda.com\\\/#website\"},\"primaryImageOfPage\":{\"@id\":\"https:\\\/\\\/centrocatyda.com\\\/formacion-para-profesores\\\/#primaryimage\"},\"image\":{\"@id\":\"https:\\\/\\\/centrocatyda.com\\\/formacion-para-profesores\\\/#primaryimage\"},\"thumbnailUrl\":\"https:\\\/\\\/centrocatyda.com\\\/wp-content\\\/uploads\\\/2024\\\/10\\\/p3-300x300.jpg\",\"datePublished\":\"2024-08-24T11:30:48+00:00\",\"dateModified\":\"2024-11-06T10:07:28+00:00\",\"description\":\"Forma parte de nuestra comunidad de profesionales. Ofrecemos formaci\u00f3n continua, cursos y m\u00e1steres en psicolog\u00eda, logopedia, pedagog\u00eda y apoyo escolar. - Especial\u00edzate en trastornos del neurodesarrollo. Nuestro m\u00e1ster te proporcionar\u00e1 las herramientas necesarias para intervenir de manera efectiva. - Formaci\u00f3n online flexible y adaptada a tu ritmo de vida. Aprende desde cualquier lugar y en cualquier momento. - Aumenta tus conocimientos y habilidades profesionales. Accede a las \u00faltimas investigaciones y t\u00e9cnicas en el campo de la educaci\u00f3n y la salud mental. % %\",\"breadcrumb\":{\"@id\":\"https:\\\/\\\/centrocatyda.com\\\/formacion-para-profesores\\\/#breadcrumb\"},\"inLanguage\":\"en-GB\",\"potentialAction\":[{\"@type\":\"ReadAction\",\"target\":[\"https:\\\/\\\/centrocatyda.com\\\/formacion-para-profesores\\\/\"]}]},{\"@type\":\"ImageObject\",\"inLanguage\":\"en-GB\",\"@id\":\"https:\\\/\\\/centrocatyda.com\\\/formacion-para-profesores\\\/#primaryimage\",\"url\":\"https:\\\/\\\/centrocatyda.com\\\/wp-content\\\/uploads\\\/2024\\\/10\\\/p3-300x300.jpg\",\"contentUrl\":\"https:\\\/\\\/centrocatyda.com\\\/wp-content\\\/uploads\\\/2024\\\/10\\\/p3-300x300.jpg\"},{\"@type\":\"BreadcrumbList\",\"@id\":\"https:\\\/\\\/centrocatyda.com\\\/formacion-para-profesores\\\/#breadcrumb\",\"itemListElement\":[{\"@type\":\"ListItem\",\"position\":1,\"name\":\"Portada\",\"item\":\"https:\\\/\\\/centrocatyda.com\\\/\"},{\"@type\":\"ListItem\",\"position\":2,\"name\":\"Formaci\u00f3n\"}]},{\"@type\":\"WebSite\",\"@id\":\"https:\\\/\\\/centrocatyda.com\\\/#website\",\"url\":\"https:\\\/\\\/centrocatyda.com\\\/\",\"name\":\"Centro CATYDA\",\"description\":\"\",\"publisher\":{\"@id\":\"https:\\\/\\\/centrocatyda.com\\\/#organization\"},\"potentialAction\":[{\"@type\":\"SearchAction\",\"target\":{\"@type\":\"EntryPoint\",\"urlTemplate\":\"https:\\\/\\\/centrocatyda.com\\\/?s={search_term_string}\"},\"query-input\":{\"@type\":\"PropertyValueSpecification\",\"valueRequired\":true,\"valueName\":\"search_term_string\"}}],\"inLanguage\":\"en-GB\"},{\"@type\":\"Organization\",\"@id\":\"https:\\\/\\\/centrocatyda.com\\\/#organization\",\"name\":\"Centro CATYDA\",\"url\":\"https:\\\/\\\/centrocatyda.com\\\/\",\"logo\":{\"@type\":\"ImageObject\",\"inLanguage\":\"en-GB\",\"@id\":\"https:\\\/\\\/centrocatyda.com\\\/#\\\/schema\\\/logo\\\/image\\\/\",\"url\":\"https:\\\/\\\/centrocatyda.com\\\/wp-content\\\/uploads\\\/2023\\\/04\\\/logo.png\",\"contentUrl\":\"https:\\\/\\\/centrocatyda.com\\\/wp-content\\\/uploads\\\/2023\\\/04\\\/logo.png\",\"width\":2506,\"height\":565,\"caption\":\"Centro CATYDA\"},\"image\":{\"@id\":\"https:\\\/\\\/centrocatyda.com\\\/#\\\/schema\\\/logo\\\/image\\\/\"},\"sameAs\":[\"https:\\\/\\\/www.facebook.com\\\/centrocatyda\\\/\"]}]}<\/script>\n<!-- \/ Yoast SEO plugin. -->","yoast_head_json":{"title":"Formaci\u00f3n - centrocatyda.com","description":"Forma parte de nuestra comunidad de profesionales. Ofrecemos formaci\u00f3n continua, cursos y m\u00e1steres en psicolog\u00eda, logopedia, pedagog\u00eda y apoyo escolar. - Especial\u00edzate en trastornos del neurodesarrollo. Nuestro m\u00e1ster te proporcionar\u00e1 las herramientas necesarias para intervenir de manera efectiva. - Formaci\u00f3n online flexible y adaptada a tu ritmo de vida. Aprende desde cualquier lugar y en cualquier momento. - Aumenta tus conocimientos y habilidades profesionales. Accede a las \u00faltimas investigaciones y t\u00e9cnicas en el campo de la educaci\u00f3n y la salud mental. % %","robots":{"index":"index","follow":"follow","max-snippet":"max-snippet:-1","max-image-preview":"max-image-preview:large","max-video-preview":"max-video-preview:-1"},"canonical":"https:\/\/centrocatyda.com\/en\/formacion-para-profesores\/","og_locale":"en_GB","og_type":"article","og_title":"Formaci\u00f3n - centrocatyda.com","og_description":"Forma parte de nuestra comunidad de profesionales. Ofrecemos formaci\u00f3n continua, cursos y m\u00e1steres en psicolog\u00eda, logopedia, pedagog\u00eda y apoyo escolar. - Especial\u00edzate en trastornos del neurodesarrollo. Nuestro m\u00e1ster te proporcionar\u00e1 las herramientas necesarias para intervenir de manera efectiva. - Formaci\u00f3n online flexible y adaptada a tu ritmo de vida. Aprende desde cualquier lugar y en cualquier momento. - Aumenta tus conocimientos y habilidades profesionales. Accede a las \u00faltimas investigaciones y t\u00e9cnicas en el campo de la educaci\u00f3n y la salud mental. % %","og_url":"https:\/\/centrocatyda.com\/en\/formacion-para-profesores\/","og_site_name":"centrocatyda.com","article_publisher":"https:\/\/www.facebook.com\/centrocatyda\/","article_modified_time":"2024-11-06T10:07:28+00:00","og_image":[{"url":"https:\/\/centrocatyda.com\/wp-content\/uploads\/2024\/10\/p3-300x300.jpg","type":"","width":"","height":""}],"twitter_card":"summary_large_image","twitter_misc":{"Estimated reading time":"5 minutes"},"schema":{"@context":"https:\/\/schema.org","@graph":[{"@type":"WebPage","@id":"https:\/\/centrocatyda.com\/formacion-para-profesores\/","url":"https:\/\/centrocatyda.com\/formacion-para-profesores\/","name":"Formaci\u00f3n - centrocatyda.com","isPartOf":{"@id":"https:\/\/centrocatyda.com\/#website"},"primaryImageOfPage":{"@id":"https:\/\/centrocatyda.com\/formacion-para-profesores\/#primaryimage"},"image":{"@id":"https:\/\/centrocatyda.com\/formacion-para-profesores\/#primaryimage"},"thumbnailUrl":"https:\/\/centrocatyda.com\/wp-content\/uploads\/2024\/10\/p3-300x300.jpg","datePublished":"2024-08-24T11:30:48+00:00","dateModified":"2024-11-06T10:07:28+00:00","description":"Forma parte de nuestra comunidad de profesionales. Ofrecemos formaci\u00f3n continua, cursos y m\u00e1steres en psicolog\u00eda, logopedia, pedagog\u00eda y apoyo escolar. - Especial\u00edzate en trastornos del neurodesarrollo. Nuestro m\u00e1ster te proporcionar\u00e1 las herramientas necesarias para intervenir de manera efectiva. - Formaci\u00f3n online flexible y adaptada a tu ritmo de vida. Aprende desde cualquier lugar y en cualquier momento. - Aumenta tus conocimientos y habilidades profesionales. Accede a las \u00faltimas investigaciones y t\u00e9cnicas en el campo de la educaci\u00f3n y la salud mental. % %","breadcrumb":{"@id":"https:\/\/centrocatyda.com\/formacion-para-profesores\/#breadcrumb"},"inLanguage":"en-GB","potentialAction":[{"@type":"ReadAction","target":["https:\/\/centrocatyda.com\/formacion-para-profesores\/"]}]},{"@type":"ImageObject","inLanguage":"en-GB","@id":"https:\/\/centrocatyda.com\/formacion-para-profesores\/#primaryimage","url":"https:\/\/centrocatyda.com\/wp-content\/uploads\/2024\/10\/p3-300x300.jpg","contentUrl":"https:\/\/centrocatyda.com\/wp-content\/uploads\/2024\/10\/p3-300x300.jpg"},{"@type":"BreadcrumbList","@id":"https:\/\/centrocatyda.com\/formacion-para-profesores\/#breadcrumb","itemListElement":[{"@type":"ListItem","position":1,"name":"Portada","item":"https:\/\/centrocatyda.com\/"},{"@type":"ListItem","position":2,"name":"Formaci\u00f3n"}]},{"@type":"WebSite","@id":"https:\/\/centrocatyda.com\/#website","url":"https:\/\/centrocatyda.com\/","name":"Centro CATYDA","description":"","publisher":{"@id":"https:\/\/centrocatyda.com\/#organization"},"potentialAction":[{"@type":"SearchAction","target":{"@type":"EntryPoint","urlTemplate":"https:\/\/centrocatyda.com\/?s={search_term_string}"},"query-input":{"@type":"PropertyValueSpecification","valueRequired":true,"valueName":"search_term_string"}}],"inLanguage":"en-GB"},{"@type":"Organization","@id":"https:\/\/centrocatyda.com\/#organization","name":"Centro CATYDA","url":"https:\/\/centrocatyda.com\/","logo":{"@type":"ImageObject","inLanguage":"en-GB","@id":"https:\/\/centrocatyda.com\/#\/schema\/logo\/image\/","url":"https:\/\/centrocatyda.com\/wp-content\/uploads\/2023\/04\/logo.png","contentUrl":"https:\/\/centrocatyda.com\/wp-content\/uploads\/2023\/04\/logo.png","width":2506,"height":565,"caption":"Centro CATYDA"},"image":{"@id":"https:\/\/centrocatyda.com\/#\/schema\/logo\/image\/"},"sameAs":["https:\/\/www.facebook.com\/centrocatyda\/"]}]}},"_links":{"self":[{"href":"https:\/\/centrocatyda.com\/en\/wp-json\/wp\/v2\/pages\/1658","targetHints":{"allow":["GET"]}}],"collection":[{"href":"https:\/\/centrocatyda.com\/en\/wp-json\/wp\/v2\/pages"}],"about":[{"href":"https:\/\/centrocatyda.com\/en\/wp-json\/wp\/v2\/types\/page"}],"author":[{"embeddable":true,"href":"https:\/\/centrocatyda.com\/en\/wp-json\/wp\/v2\/users\/2"}],"replies":[{"embeddable":true,"href":"https:\/\/centrocatyda.com\/en\/wp-json\/wp\/v2\/comments?post=1658"}],"version-history":[{"count":32,"href":"https:\/\/centrocatyda.com\/en\/wp-json\/wp\/v2\/pages\/1658\/revisions"}],"predecessor-version":[{"id":2348,"href":"https:\/\/centrocatyda.com\/en\/wp-json\/wp\/v2\/pages\/1658\/revisions\/2348"}],"wp:attachment":[{"href":"https:\/\/centrocatyda.com\/en\/wp-json\/wp\/v2\/media?parent=1658"}],"curies":[{"name":"wp","href":"https:\/\/api.w.org\/{rel}","templated":true}]}}