{"id":1669,"date":"2024-08-24T12:12:44","date_gmt":"2024-08-24T12:12:44","guid":{"rendered":"https:\/\/centrocatyda.com\/?page_id=1669"},"modified":"2024-11-06T10:09:37","modified_gmt":"2024-11-06T10:09:37","slug":"apoyo-escolar","status":"publish","type":"page","link":"https:\/\/centrocatyda.com\/en\/apoyo-escolar\/","title":{"rendered":"Apoyo escolar"},"content":{"rendered":"\t\t<div data-elementor-type=\"wp-page\" data-elementor-id=\"1669\" class=\"elementor elementor-1669\" data-elementor-post-type=\"page\">\n\t\t\t\t\t\t<section class=\"elementor-section elementor-top-section elementor-element elementor-element-5429281c elementor-section-boxed elementor-section-height-default elementor-section-height-default\" data-id=\"5429281c\" data-element_type=\"section\" data-settings=\"{&quot;background_background&quot;:&quot;classic&quot;}\">\n\t\t\t\t\t\t<div class=\"elementor-container elementor-column-gap-default\">\n\t\t\t\t\t<div class=\"elementor-column elementor-col-50 elementor-top-column elementor-element elementor-element-df08c0c\" data-id=\"df08c0c\" data-element_type=\"column\">\n\t\t\t<div class=\"elementor-widget-wrap elementor-element-populated\">\n\t\t\t\t\t\t<div class=\"elementor-element elementor-element-e655c17 elementor-widget elementor-widget-image\" data-id=\"e655c17\" data-element_type=\"widget\" data-widget_type=\"image.default\">\n\t\t\t\t<div class=\"elementor-widget-container\">\n\t\t\t\t\t\t\t\t\t\t\t\t\t<img fetchpriority=\"high\" decoding=\"async\" width=\"800\" height=\"800\" src=\"https:\/\/centrocatyda.com\/wp-content\/uploads\/2024\/10\/\u00bfAprendemos-jugando__20240929_013903_0000-800x800.png\" class=\"attachment-medium size-medium wp-image-2043\" alt=\"\" srcset=\"https:\/\/centrocatyda.com\/wp-content\/uploads\/2024\/10\/\u00bfAprendemos-jugando__20240929_013903_0000-800x800.png 800w, https:\/\/centrocatyda.com\/wp-content\/uploads\/2024\/10\/\u00bfAprendemos-jugando__20240929_013903_0000-300x300.png 300w, https:\/\/centrocatyda.com\/wp-content\/uploads\/2024\/10\/\u00bfAprendemos-jugando__20240929_013903_0000-768x768.png 768w, https:\/\/centrocatyda.com\/wp-content\/uploads\/2024\/10\/\u00bfAprendemos-jugando__20240929_013903_0000.png 1080w\" sizes=\"(max-width: 800px) 100vw, 800px\" \/>\t\t\t\t\t\t\t\t\t\t\t\t\t<\/div>\n\t\t\t\t<\/div>\n\t\t\t\t\t<\/div>\n\t\t<\/div>\n\t\t\t\t<div class=\"elementor-column elementor-col-50 elementor-top-column elementor-element elementor-element-705dae33\" data-id=\"705dae33\" data-element_type=\"column\" data-settings=\"{&quot;animation&quot;:&quot;none&quot;,&quot;motion_fx_motion_fx_scrolling&quot;:&quot;yes&quot;,&quot;motion_fx_translateX_effect&quot;:&quot;yes&quot;,&quot;motion_fx_translateX_speed&quot;:{&quot;unit&quot;:&quot;px&quot;,&quot;size&quot;:2,&quot;sizes&quot;:[]},&quot;motion_fx_translateX_affectedRange&quot;:{&quot;unit&quot;:&quot;%&quot;,&quot;size&quot;:&quot;&quot;,&quot;sizes&quot;:{&quot;start&quot;:0,&quot;end&quot;:50}},&quot;motion_fx_devices&quot;:[&quot;desktop&quot;,&quot;tablet&quot;,&quot;mobile&quot;]}\">\n\t\t\t<div class=\"elementor-widget-wrap elementor-element-populated\">\n\t\t\t\t\t\t<div class=\"elementor-element elementor-element-eacda21 animated-slow elementor-invisible elementor-widget elementor-widget-heading\" data-id=\"eacda21\" data-element_type=\"widget\" data-settings=\"{&quot;_animation&quot;:&quot;slideInUp&quot;,&quot;_animation_delay&quot;:200,&quot;_animation_mobile&quot;:&quot;fadeIn&quot;}\" data-widget_type=\"heading.default\">\n\t\t\t\t<div class=\"elementor-widget-container\">\n\t\t\t<h2 class=\"elementor-heading-title elementor-size-default\">Apoyo escolar<\/h2>\t\t<\/div>\n\t\t\t\t<\/div>\n\t\t\t\t<div class=\"elementor-element elementor-element-40017013 animated-slow elementor-hidden-mobile elementor-invisible elementor-widget elementor-widget-text-editor\" data-id=\"40017013\" data-element_type=\"widget\" data-settings=\"{&quot;_animation&quot;:&quot;fadeInUp&quot;,&quot;_animation_tablet&quot;:&quot;fadeIn&quot;,&quot;_animation_mobile&quot;:&quot;fadeIn&quot;}\" data-widget_type=\"text-editor.default\">\n\t\t\t\t<div class=\"elementor-widget-container\">\n\t\t\t\t\t\t\t<p class=\"p1\">Con la intenci\u00f3n de ofrecer un tratamiento multimodal, planteamos el servicio de apoyo escolar especializado para ni\u00f1o\/as y\/o adolescentes con TDAH, Trastorno de Aprendizaje, u otras comorbilidades. Apoyo acad\u00e9mico en grupos reducidos. Un apoyo para las familias en las tareas acad\u00e9micas diarias con profesionales especializados. Un lugar para fomentar la autonom\u00eda. Un lugar para compartir inquietudes con otros menores.<\/p>\t\t\t\t\t\t<\/div>\n\t\t\t\t<\/div>\n\t\t\t\t<div class=\"elementor-element elementor-element-fb0d581 animated-slow elementor-hidden-desktop elementor-hidden-tablet elementor-invisible elementor-widget elementor-widget-text-editor\" data-id=\"fb0d581\" data-element_type=\"widget\" data-settings=\"{&quot;_animation&quot;:&quot;fadeInUp&quot;,&quot;_animation_tablet&quot;:&quot;fadeIn&quot;,&quot;_animation_mobile&quot;:&quot;fadeIn&quot;}\" data-widget_type=\"text-editor.default\">\n\t\t\t\t<div class=\"elementor-widget-container\">\n\t\t\t\t\t\t\t<p class=\"p1\">Con la intenci\u00f3n de ofrecer un tratamiento multimodal, planteamos el servicio de apoyo escolar especializado para ni\u00f1o\/as y\/o adolescentes con TDAH, Trastorno de Aprendizaje, u otras comorbilidades. Apoyo acad\u00e9mico en grupos reducidos. Un apoyo para las familias en las tareas acad\u00e9micas diarias con profesionales especializados. Un lugar para fomentar la autonom\u00eda. Un lugar para compartir inquietudes con otros menores.<\/p>\t\t\t\t\t\t<\/div>\n\t\t\t\t<\/div>\n\t\t\t\t\t<\/div>\n\t\t<\/div>\n\t\t\t\t\t<\/div>\n\t\t<\/section>\n\t\t\t\t<section class=\"elementor-section elementor-top-section elementor-element elementor-element-5229931 elementor-section-boxed elementor-section-height-default elementor-section-height-default\" data-id=\"5229931\" data-element_type=\"section\" data-settings=\"{&quot;background_background&quot;:&quot;classic&quot;}\">\n\t\t\t\t\t\t<div class=\"elementor-container elementor-column-gap-default\">\n\t\t\t\t\t<div class=\"elementor-column elementor-col-50 elementor-top-column elementor-element elementor-element-1e9df2b\" data-id=\"1e9df2b\" data-element_type=\"column\">\n\t\t\t<div class=\"elementor-widget-wrap elementor-element-populated\">\n\t\t\t\t\t\t<div class=\"elementor-element elementor-element-e6c8703 animated-slow elementor-widget__width-initial elementor-invisible elementor-widget elementor-widget-text-editor\" data-id=\"e6c8703\" data-element_type=\"widget\" data-settings=\"{&quot;_animation&quot;:&quot;fadeInUp&quot;,&quot;_animation_delay&quot;:300,&quot;_animation_tablet&quot;:&quot;fadeIn&quot;}\" data-widget_type=\"text-editor.default\">\n\t\t\t\t<div class=\"elementor-widget-container\">\n\t\t\t\t\t\t\t<p class=\"p1\"><i>\u201cCu\u00e9ntame y lo olvido.<\/i><\/p><p class=\"p1\"><i>Ens\u00e9\u00f1ame y lo recuerdo.<\/i><\/p><p class=\"p1\"><i>Invol\u00facrame y lo aprendo\u201d.<\/i><\/p>\t\t\t\t\t\t<\/div>\n\t\t\t\t<\/div>\n\t\t\t\t\t<\/div>\n\t\t<\/div>\n\t\t\t\t<div class=\"elementor-column elementor-col-50 elementor-top-column elementor-element elementor-element-9ed9f37\" data-id=\"9ed9f37\" data-element_type=\"column\" data-settings=\"{&quot;animation&quot;:&quot;none&quot;,&quot;motion_fx_motion_fx_scrolling&quot;:&quot;yes&quot;,&quot;motion_fx_translateX_effect&quot;:&quot;yes&quot;,&quot;motion_fx_translateX_speed&quot;:{&quot;unit&quot;:&quot;px&quot;,&quot;size&quot;:2,&quot;sizes&quot;:[]},&quot;motion_fx_translateX_affectedRange&quot;:{&quot;unit&quot;:&quot;%&quot;,&quot;size&quot;:&quot;&quot;,&quot;sizes&quot;:{&quot;start&quot;:0,&quot;end&quot;:50}},&quot;motion_fx_devices&quot;:[&quot;desktop&quot;,&quot;tablet&quot;,&quot;mobile&quot;]}\">\n\t\t\t<div class=\"elementor-widget-wrap elementor-element-populated\">\n\t\t\t\t\t\t<div class=\"elementor-element elementor-element-3b8934e elementor-widget elementor-widget-image\" data-id=\"3b8934e\" data-element_type=\"widget\" data-widget_type=\"image.default\">\n\t\t\t\t<div class=\"elementor-widget-container\">\n\t\t\t\t\t\t\t\t\t\t\t\t\t<img decoding=\"async\" width=\"800\" height=\"800\" src=\"https:\/\/centrocatyda.com\/wp-content\/uploads\/2024\/10\/\u00bfAprendemos-jugando__20240929_225324_0000-800x800.png\" class=\"attachment-medium size-medium wp-image-2044\" alt=\"\" srcset=\"https:\/\/centrocatyda.com\/wp-content\/uploads\/2024\/10\/\u00bfAprendemos-jugando__20240929_225324_0000-800x800.png 800w, https:\/\/centrocatyda.com\/wp-content\/uploads\/2024\/10\/\u00bfAprendemos-jugando__20240929_225324_0000-300x300.png 300w, https:\/\/centrocatyda.com\/wp-content\/uploads\/2024\/10\/\u00bfAprendemos-jugando__20240929_225324_0000-768x768.png 768w, https:\/\/centrocatyda.com\/wp-content\/uploads\/2024\/10\/\u00bfAprendemos-jugando__20240929_225324_0000.png 1080w\" sizes=\"(max-width: 800px) 100vw, 800px\" \/>\t\t\t\t\t\t\t\t\t\t\t\t\t<\/div>\n\t\t\t\t<\/div>\n\t\t\t\t\t<\/div>\n\t\t<\/div>\n\t\t\t\t\t<\/div>\n\t\t<\/section>\n\t\t\t\t<section class=\"elementor-section elementor-top-section elementor-element elementor-element-9ed2d73 elementor-section-content-middle elementor-section-boxed elementor-section-height-default elementor-section-height-default\" data-id=\"9ed2d73\" data-element_type=\"section\">\n\t\t\t\t\t\t<div class=\"elementor-container elementor-column-gap-default\">\n\t\t\t\t\t<div class=\"elementor-column elementor-col-100 elementor-top-column elementor-element elementor-element-91b3f52\" data-id=\"91b3f52\" data-element_type=\"column\">\n\t\t\t<div class=\"elementor-widget-wrap elementor-element-populated\">\n\t\t\t\t\t\t<div class=\"elementor-element elementor-element-20c279d elementor-align-center elementor-widget__width-initial e-transform elementor-widget elementor-widget-button\" data-id=\"20c279d\" data-element_type=\"widget\" data-settings=\"{&quot;_transform_skewX_effect&quot;:{&quot;unit&quot;:&quot;px&quot;,&quot;size&quot;:0,&quot;sizes&quot;:[]},&quot;_transform_skewX_effect_tablet&quot;:{&quot;unit&quot;:&quot;deg&quot;,&quot;size&quot;:&quot;&quot;,&quot;sizes&quot;:[]},&quot;_transform_skewX_effect_mobile&quot;:{&quot;unit&quot;:&quot;deg&quot;,&quot;size&quot;:&quot;&quot;,&quot;sizes&quot;:[]},&quot;_transform_skewY_effect&quot;:{&quot;unit&quot;:&quot;px&quot;,&quot;size&quot;:&quot;&quot;,&quot;sizes&quot;:[]},&quot;_transform_skewY_effect_tablet&quot;:{&quot;unit&quot;:&quot;deg&quot;,&quot;size&quot;:&quot;&quot;,&quot;sizes&quot;:[]},&quot;_transform_skewY_effect_mobile&quot;:{&quot;unit&quot;:&quot;deg&quot;,&quot;size&quot;:&quot;&quot;,&quot;sizes&quot;:[]}}\" data-widget_type=\"button.default\">\n\t\t\t\t<div class=\"elementor-widget-container\">\n\t\t\t\t\t<div class=\"elementor-button-wrapper\">\n\t\t\t<a class=\"elementor-button elementor-button-link elementor-size-sm\" href=\"\/contacto\">\n\t\t\t\t\t\t<span class=\"elementor-button-content-wrapper\">\n\t\t\t\t\t\t\t\t\t<span class=\"elementor-button-text\">INF\u00d3RMATE<\/span>\n\t\t\t\t\t<\/span>\n\t\t\t\t\t<\/a>\n\t\t<\/div>\n\t\t\t\t<\/div>\n\t\t\t\t<\/div>\n\t\t\t\t\t<\/div>\n\t\t<\/div>\n\t\t\t\t\t<\/div>\n\t\t<\/section>\n\t\t\t\t<\/div>\n\t\t","protected":false},"excerpt":{"rendered":"<p>Apoyo escolar Con la intenci\u00f3n de ofrecer un tratamiento multimodal, planteamos el servicio de apoyo escolar especializado para ni\u00f1o\/as y\/o adolescentes con TDAH, Trastorno de Aprendizaje, u otras comorbilidades. Apoyo acad\u00e9mico en grupos reducidos. Un apoyo para las familias en las tareas acad\u00e9micas diarias con profesionales especializados. Un lugar para fomentar la autonom\u00eda. Un lugar [&hellip;]<\/p>\n","protected":false},"author":2,"featured_media":0,"parent":0,"menu_order":0,"comment_status":"closed","ping_status":"closed","template":"","meta":{"footnotes":""},"class_list":["post-1669","page","type-page","status-publish","hentry"],"yoast_head":"<!-- This site is optimized with the Yoast SEO plugin v27.6 - https:\/\/yoast.com\/product\/yoast-seo-wordpress\/ -->\n<title>Apoyo escolar - centrocatyda.com<\/title>\n<meta name=\"description\" content=\"Forma parte de nuestra comunidad de profesionales. Ofrecemos formaci\u00f3n continua, cursos y m\u00e1steres en psicolog\u00eda, logopedia, pedagog\u00eda y apoyo escolar. - Especial\u00edzate en trastornos del neurodesarrollo. Nuestro m\u00e1ster te proporcionar\u00e1 las herramientas necesarias para intervenir de manera efectiva. - Formaci\u00f3n online flexible y adaptada a tu ritmo de vida. Aprende desde cualquier lugar y en cualquier momento. - Aumenta tus conocimientos y habilidades profesionales. Accede a las \u00faltimas investigaciones y t\u00e9cnicas en el campo de la educaci\u00f3n y la salud mental. % %\" \/>\n<meta name=\"robots\" content=\"index, follow, max-snippet:-1, max-image-preview:large, max-video-preview:-1\" \/>\n<link rel=\"canonical\" href=\"https:\/\/centrocatyda.com\/en\/apoyo-escolar\/\" \/>\n<meta property=\"og:locale\" content=\"en_GB\" \/>\n<meta property=\"og:type\" content=\"article\" \/>\n<meta property=\"og:title\" content=\"Apoyo escolar - centrocatyda.com\" \/>\n<meta property=\"og:description\" content=\"Forma parte de nuestra comunidad de profesionales. Ofrecemos formaci\u00f3n continua, cursos y m\u00e1steres en psicolog\u00eda, logopedia, pedagog\u00eda y apoyo escolar. - Especial\u00edzate en trastornos del neurodesarrollo. Nuestro m\u00e1ster te proporcionar\u00e1 las herramientas necesarias para intervenir de manera efectiva. - Formaci\u00f3n online flexible y adaptada a tu ritmo de vida. Aprende desde cualquier lugar y en cualquier momento. - Aumenta tus conocimientos y habilidades profesionales. Accede a las \u00faltimas investigaciones y t\u00e9cnicas en el campo de la educaci\u00f3n y la salud mental. % %\" \/>\n<meta property=\"og:url\" content=\"https:\/\/centrocatyda.com\/en\/apoyo-escolar\/\" \/>\n<meta property=\"og:site_name\" content=\"centrocatyda.com\" \/>\n<meta property=\"article:publisher\" content=\"https:\/\/www.facebook.com\/centrocatyda\/\" \/>\n<meta property=\"article:modified_time\" content=\"2024-11-06T10:09:37+00:00\" \/>\n<meta name=\"twitter:card\" content=\"summary_large_image\" \/>\n<meta name=\"twitter:label1\" content=\"Estimated reading time\" \/>\n\t<meta name=\"twitter:data1\" content=\"2 minutes\" \/>\n<script type=\"application\/ld+json\" class=\"yoast-schema-graph\">{\"@context\":\"https:\\\/\\\/schema.org\",\"@graph\":[{\"@type\":\"WebPage\",\"@id\":\"https:\\\/\\\/centrocatyda.com\\\/apoyo-escolar\\\/\",\"url\":\"https:\\\/\\\/centrocatyda.com\\\/apoyo-escolar\\\/\",\"name\":\"Apoyo escolar - centrocatyda.com\",\"isPartOf\":{\"@id\":\"https:\\\/\\\/centrocatyda.com\\\/#website\"},\"datePublished\":\"2024-08-24T12:12:44+00:00\",\"dateModified\":\"2024-11-06T10:09:37+00:00\",\"description\":\"Forma parte de nuestra comunidad de profesionales. Ofrecemos formaci\u00f3n continua, cursos y m\u00e1steres en psicolog\u00eda, logopedia, pedagog\u00eda y apoyo escolar. - Especial\u00edzate en trastornos del neurodesarrollo. Nuestro m\u00e1ster te proporcionar\u00e1 las herramientas necesarias para intervenir de manera efectiva. - Formaci\u00f3n online flexible y adaptada a tu ritmo de vida. Aprende desde cualquier lugar y en cualquier momento. - Aumenta tus conocimientos y habilidades profesionales. Accede a las \u00faltimas investigaciones y t\u00e9cnicas en el campo de la educaci\u00f3n y la salud mental. % %\",\"breadcrumb\":{\"@id\":\"https:\\\/\\\/centrocatyda.com\\\/apoyo-escolar\\\/#breadcrumb\"},\"inLanguage\":\"en-GB\",\"potentialAction\":[{\"@type\":\"ReadAction\",\"target\":[\"https:\\\/\\\/centrocatyda.com\\\/apoyo-escolar\\\/\"]}]},{\"@type\":\"BreadcrumbList\",\"@id\":\"https:\\\/\\\/centrocatyda.com\\\/apoyo-escolar\\\/#breadcrumb\",\"itemListElement\":[{\"@type\":\"ListItem\",\"position\":1,\"name\":\"Portada\",\"item\":\"https:\\\/\\\/centrocatyda.com\\\/\"},{\"@type\":\"ListItem\",\"position\":2,\"name\":\"Apoyo escolar\"}]},{\"@type\":\"WebSite\",\"@id\":\"https:\\\/\\\/centrocatyda.com\\\/#website\",\"url\":\"https:\\\/\\\/centrocatyda.com\\\/\",\"name\":\"Centro CATYDA\",\"description\":\"\",\"publisher\":{\"@id\":\"https:\\\/\\\/centrocatyda.com\\\/#organization\"},\"potentialAction\":[{\"@type\":\"SearchAction\",\"target\":{\"@type\":\"EntryPoint\",\"urlTemplate\":\"https:\\\/\\\/centrocatyda.com\\\/?s={search_term_string}\"},\"query-input\":{\"@type\":\"PropertyValueSpecification\",\"valueRequired\":true,\"valueName\":\"search_term_string\"}}],\"inLanguage\":\"en-GB\"},{\"@type\":\"Organization\",\"@id\":\"https:\\\/\\\/centrocatyda.com\\\/#organization\",\"name\":\"Centro CATYDA\",\"url\":\"https:\\\/\\\/centrocatyda.com\\\/\",\"logo\":{\"@type\":\"ImageObject\",\"inLanguage\":\"en-GB\",\"@id\":\"https:\\\/\\\/centrocatyda.com\\\/#\\\/schema\\\/logo\\\/image\\\/\",\"url\":\"https:\\\/\\\/centrocatyda.com\\\/wp-content\\\/uploads\\\/2023\\\/04\\\/logo.png\",\"contentUrl\":\"https:\\\/\\\/centrocatyda.com\\\/wp-content\\\/uploads\\\/2023\\\/04\\\/logo.png\",\"width\":2506,\"height\":565,\"caption\":\"Centro CATYDA\"},\"image\":{\"@id\":\"https:\\\/\\\/centrocatyda.com\\\/#\\\/schema\\\/logo\\\/image\\\/\"},\"sameAs\":[\"https:\\\/\\\/www.facebook.com\\\/centrocatyda\\\/\"]}]}<\/script>\n<!-- \/ Yoast SEO plugin. -->","yoast_head_json":{"title":"Apoyo escolar - centrocatyda.com","description":"Forma parte de nuestra comunidad de profesionales. Ofrecemos formaci\u00f3n continua, cursos y m\u00e1steres en psicolog\u00eda, logopedia, pedagog\u00eda y apoyo escolar. - Especial\u00edzate en trastornos del neurodesarrollo. Nuestro m\u00e1ster te proporcionar\u00e1 las herramientas necesarias para intervenir de manera efectiva. - Formaci\u00f3n online flexible y adaptada a tu ritmo de vida. Aprende desde cualquier lugar y en cualquier momento. - Aumenta tus conocimientos y habilidades profesionales. Accede a las \u00faltimas investigaciones y t\u00e9cnicas en el campo de la educaci\u00f3n y la salud mental. % %","robots":{"index":"index","follow":"follow","max-snippet":"max-snippet:-1","max-image-preview":"max-image-preview:large","max-video-preview":"max-video-preview:-1"},"canonical":"https:\/\/centrocatyda.com\/en\/apoyo-escolar\/","og_locale":"en_GB","og_type":"article","og_title":"Apoyo escolar - centrocatyda.com","og_description":"Forma parte de nuestra comunidad de profesionales. Ofrecemos formaci\u00f3n continua, cursos y m\u00e1steres en psicolog\u00eda, logopedia, pedagog\u00eda y apoyo escolar. - Especial\u00edzate en trastornos del neurodesarrollo. Nuestro m\u00e1ster te proporcionar\u00e1 las herramientas necesarias para intervenir de manera efectiva. - Formaci\u00f3n online flexible y adaptada a tu ritmo de vida. Aprende desde cualquier lugar y en cualquier momento. - Aumenta tus conocimientos y habilidades profesionales. Accede a las \u00faltimas investigaciones y t\u00e9cnicas en el campo de la educaci\u00f3n y la salud mental. % %","og_url":"https:\/\/centrocatyda.com\/en\/apoyo-escolar\/","og_site_name":"centrocatyda.com","article_publisher":"https:\/\/www.facebook.com\/centrocatyda\/","article_modified_time":"2024-11-06T10:09:37+00:00","twitter_card":"summary_large_image","twitter_misc":{"Estimated reading time":"2 minutes"},"schema":{"@context":"https:\/\/schema.org","@graph":[{"@type":"WebPage","@id":"https:\/\/centrocatyda.com\/apoyo-escolar\/","url":"https:\/\/centrocatyda.com\/apoyo-escolar\/","name":"Apoyo escolar - centrocatyda.com","isPartOf":{"@id":"https:\/\/centrocatyda.com\/#website"},"datePublished":"2024-08-24T12:12:44+00:00","dateModified":"2024-11-06T10:09:37+00:00","description":"Forma parte de nuestra comunidad de profesionales. Ofrecemos formaci\u00f3n continua, cursos y m\u00e1steres en psicolog\u00eda, logopedia, pedagog\u00eda y apoyo escolar. - Especial\u00edzate en trastornos del neurodesarrollo. Nuestro m\u00e1ster te proporcionar\u00e1 las herramientas necesarias para intervenir de manera efectiva. - Formaci\u00f3n online flexible y adaptada a tu ritmo de vida. Aprende desde cualquier lugar y en cualquier momento. - Aumenta tus conocimientos y habilidades profesionales. Accede a las \u00faltimas investigaciones y t\u00e9cnicas en el campo de la educaci\u00f3n y la salud mental. % %","breadcrumb":{"@id":"https:\/\/centrocatyda.com\/apoyo-escolar\/#breadcrumb"},"inLanguage":"en-GB","potentialAction":[{"@type":"ReadAction","target":["https:\/\/centrocatyda.com\/apoyo-escolar\/"]}]},{"@type":"BreadcrumbList","@id":"https:\/\/centrocatyda.com\/apoyo-escolar\/#breadcrumb","itemListElement":[{"@type":"ListItem","position":1,"name":"Portada","item":"https:\/\/centrocatyda.com\/"},{"@type":"ListItem","position":2,"name":"Apoyo escolar"}]},{"@type":"WebSite","@id":"https:\/\/centrocatyda.com\/#website","url":"https:\/\/centrocatyda.com\/","name":"Centro CATYDA","description":"","publisher":{"@id":"https:\/\/centrocatyda.com\/#organization"},"potentialAction":[{"@type":"SearchAction","target":{"@type":"EntryPoint","urlTemplate":"https:\/\/centrocatyda.com\/?s={search_term_string}"},"query-input":{"@type":"PropertyValueSpecification","valueRequired":true,"valueName":"search_term_string"}}],"inLanguage":"en-GB"},{"@type":"Organization","@id":"https:\/\/centrocatyda.com\/#organization","name":"Centro CATYDA","url":"https:\/\/centrocatyda.com\/","logo":{"@type":"ImageObject","inLanguage":"en-GB","@id":"https:\/\/centrocatyda.com\/#\/schema\/logo\/image\/","url":"https:\/\/centrocatyda.com\/wp-content\/uploads\/2023\/04\/logo.png","contentUrl":"https:\/\/centrocatyda.com\/wp-content\/uploads\/2023\/04\/logo.png","width":2506,"height":565,"caption":"Centro CATYDA"},"image":{"@id":"https:\/\/centrocatyda.com\/#\/schema\/logo\/image\/"},"sameAs":["https:\/\/www.facebook.com\/centrocatyda\/"]}]}},"_links":{"self":[{"href":"https:\/\/centrocatyda.com\/en\/wp-json\/wp\/v2\/pages\/1669","targetHints":{"allow":["GET"]}}],"collection":[{"href":"https:\/\/centrocatyda.com\/en\/wp-json\/wp\/v2\/pages"}],"about":[{"href":"https:\/\/centrocatyda.com\/en\/wp-json\/wp\/v2\/types\/page"}],"author":[{"embeddable":true,"href":"https:\/\/centrocatyda.com\/en\/wp-json\/wp\/v2\/users\/2"}],"replies":[{"embeddable":true,"href":"https:\/\/centrocatyda.com\/en\/wp-json\/wp\/v2\/comments?post=1669"}],"version-history":[{"count":32,"href":"https:\/\/centrocatyda.com\/en\/wp-json\/wp\/v2\/pages\/1669\/revisions"}],"predecessor-version":[{"id":2354,"href":"https:\/\/centrocatyda.com\/en\/wp-json\/wp\/v2\/pages\/1669\/revisions\/2354"}],"wp:attachment":[{"href":"https:\/\/centrocatyda.com\/en\/wp-json\/wp\/v2\/media?parent=1669"}],"curies":[{"name":"wp","href":"https:\/\/api.w.org\/{rel}","templated":true}]}}