{"id":1779,"date":"2024-08-24T14:13:56","date_gmt":"2024-08-24T14:13:56","guid":{"rendered":"https:\/\/centrocatyda.com\/?page_id=1779"},"modified":"2024-09-27T07:04:14","modified_gmt":"2024-09-27T07:04:14","slug":"servicios","status":"publish","type":"page","link":"https:\/\/centrocatyda.com\/en\/servicios\/","title":{"rendered":"Servicios"},"content":{"rendered":"\t\t<div data-elementor-type=\"wp-page\" data-elementor-id=\"1779\" class=\"elementor elementor-1779\" data-elementor-post-type=\"page\">\n\t\t\t\t\t\t<section class=\"elementor-section elementor-top-section elementor-element elementor-element-17c9d36 elementor-section-boxed elementor-section-height-default elementor-section-height-default\" data-id=\"17c9d36\" data-element_type=\"section\">\n\t\t\t\t\t\t<div class=\"elementor-container elementor-column-gap-default\">\n\t\t\t\t\t<div class=\"elementor-column elementor-col-100 elementor-top-column elementor-element elementor-element-8d3f237\" data-id=\"8d3f237\" data-element_type=\"column\">\n\t\t\t<div class=\"elementor-widget-wrap elementor-element-populated\">\n\t\t\t\t\t\t<div class=\"elementor-element elementor-element-1f963f6 animated-slow elementor-invisible elementor-widget elementor-widget-heading\" data-id=\"1f963f6\" data-element_type=\"widget\" data-settings=\"{&quot;_animation&quot;:&quot;fadeIn&quot;,&quot;_animation_delay&quot;:6000}\" data-widget_type=\"heading.default\">\n\t\t\t\t<div class=\"elementor-widget-container\">\n\t\t\t<h2 class=\"elementor-heading-title elementor-size-default\">nuestros <br><b>servicios<\/b><\/h2>\t\t<\/div>\n\t\t\t\t<\/div>\n\t\t\t\t\t<\/div>\n\t\t<\/div>\n\t\t\t\t\t<\/div>\n\t\t<\/section>\n\t\t\t\t<section class=\"elementor-section elementor-top-section elementor-element elementor-element-ec6d51f elementor-section-full_width elementor-section-height-default elementor-section-height-default elementor-invisible\" data-id=\"ec6d51f\" data-element_type=\"section\" data-settings=\"{&quot;background_background&quot;:&quot;classic&quot;,&quot;motion_fx_motion_fx_scrolling&quot;:&quot;yes&quot;,&quot;animation&quot;:&quot;fadeIn&quot;,&quot;motion_fx_devices&quot;:[&quot;desktop&quot;,&quot;tablet&quot;,&quot;mobile&quot;]}\">\n\t\t\t\t\t\t\t<div class=\"elementor-background-overlay\"><\/div>\n\t\t\t\t\t\t\t<div class=\"elementor-container elementor-column-gap-narrow\">\n\t\t\t\t\t<div class=\"elementor-column elementor-col-16 elementor-top-column elementor-element elementor-element-c2d9362\" data-id=\"c2d9362\" data-element_type=\"column\">\n\t\t\t<div class=\"elementor-widget-wrap elementor-element-populated\">\n\t\t\t\t\t\t<div class=\"elementor-element elementor-element-4be63bf elementor-invisible elementor-widget elementor-widget-image\" data-id=\"4be63bf\" data-element_type=\"widget\" data-settings=\"{&quot;_animation&quot;:&quot;fadeInUp&quot;}\" data-widget_type=\"image.default\">\n\t\t\t\t<div class=\"elementor-widget-container\">\n\t\t\t\t\t\t\t\t\t\t\t\t\t\t<a href=\"\/psicologia\">\n\t\t\t\t\t\t\t<img decoding=\"async\" src=\"https:\/\/centrocatyda.com\/wp-content\/uploads\/elementor\/thumbs\/1-qt1g9fumwjb2ck8qfg64nxhfavaoom9snu7wypvq70.png\" title=\"1\" alt=\"\" loading=\"lazy\" \/>\t\t\t\t\t\t\t\t<\/a>\n\t\t\t\t\t\t\t\t\t\t\t\t\t<\/div>\n\t\t\t\t<\/div>\n\t\t\t\t<div class=\"elementor-element elementor-element-79a78d4f elementor-align-center animated-slow elementor-invisible elementor-widget elementor-widget-button\" data-id=\"79a78d4f\" data-element_type=\"widget\" data-settings=\"{&quot;_animation&quot;:&quot;fadeInUp&quot;,&quot;_animation_tablet&quot;:&quot;fadeIn&quot;}\" data-widget_type=\"button.default\">\n\t\t\t\t<div class=\"elementor-widget-container\">\n\t\t\t\t\t<div class=\"elementor-button-wrapper\">\n\t\t\t<a class=\"elementor-button elementor-button-link elementor-size-sm\" href=\"\/psicologia\">\n\t\t\t\t\t\t<span class=\"elementor-button-content-wrapper\">\n\t\t\t\t\t\t\t\t\t<span class=\"elementor-button-text\">PSICOLOG\u00cdA<\/span>\n\t\t\t\t\t<\/span>\n\t\t\t\t\t<\/a>\n\t\t<\/div>\n\t\t\t\t<\/div>\n\t\t\t\t<\/div>\n\t\t\t\t\t<\/div>\n\t\t<\/div>\n\t\t\t\t<div class=\"elementor-column elementor-col-16 elementor-top-column elementor-element elementor-element-27df7cc\" data-id=\"27df7cc\" data-element_type=\"column\">\n\t\t\t<div class=\"elementor-widget-wrap elementor-element-populated\">\n\t\t\t\t\t\t<div class=\"elementor-element elementor-element-26d6961 elementor-invisible elementor-widget elementor-widget-image\" data-id=\"26d6961\" data-element_type=\"widget\" data-settings=\"{&quot;_animation&quot;:&quot;fadeInUp&quot;}\" data-widget_type=\"image.default\">\n\t\t\t\t<div class=\"elementor-widget-container\">\n\t\t\t\t\t\t\t\t\t\t\t\t\t\t<a href=\"\/psicopedagogia\/\">\n\t\t\t\t\t\t\t<img decoding=\"async\" src=\"https:\/\/centrocatyda.com\/wp-content\/uploads\/elementor\/thumbs\/2-qt1g9gsh3dcco67d9ykr8f8vw961wbdizyvefzuc0s.png\" title=\"2\" alt=\"\" loading=\"lazy\" \/>\t\t\t\t\t\t\t\t<\/a>\n\t\t\t\t\t\t\t\t\t\t\t\t\t<\/div>\n\t\t\t\t<\/div>\n\t\t\t\t<div class=\"elementor-element elementor-element-5cd15bf4 elementor-align-center animated-slow elementor-invisible elementor-widget elementor-widget-button\" data-id=\"5cd15bf4\" data-element_type=\"widget\" data-settings=\"{&quot;_animation&quot;:&quot;fadeInUp&quot;,&quot;_animation_tablet&quot;:&quot;fadeIn&quot;}\" data-widget_type=\"button.default\">\n\t\t\t\t<div class=\"elementor-widget-container\">\n\t\t\t\t\t<div class=\"elementor-button-wrapper\">\n\t\t\t<a class=\"elementor-button elementor-button-link elementor-size-sm\" href=\"\/psicopedagogia\/\">\n\t\t\t\t\t\t<span class=\"elementor-button-content-wrapper\">\n\t\t\t\t\t\t\t\t\t<span class=\"elementor-button-text\">PSICO PEDAGOG\u00cdA<\/span>\n\t\t\t\t\t<\/span>\n\t\t\t\t\t<\/a>\n\t\t<\/div>\n\t\t\t\t<\/div>\n\t\t\t\t<\/div>\n\t\t\t\t\t<\/div>\n\t\t<\/div>\n\t\t\t\t<div class=\"elementor-column elementor-col-16 elementor-top-column elementor-element elementor-element-7f34961\" data-id=\"7f34961\" data-element_type=\"column\">\n\t\t\t<div class=\"elementor-widget-wrap elementor-element-populated\">\n\t\t\t\t\t\t<div class=\"elementor-element elementor-element-d84bcdc elementor-invisible elementor-widget elementor-widget-image\" data-id=\"d84bcdc\" data-element_type=\"widget\" data-settings=\"{&quot;_animation&quot;:&quot;fadeInUp&quot;}\" data-widget_type=\"image.default\">\n\t\t\t\t<div class=\"elementor-widget-container\">\n\t\t\t\t\t\t\t\t\t\t\t\t\t\t<a href=\"\/logopedia\/\">\n\t\t\t\t\t\t\t<img decoding=\"async\" src=\"https:\/\/centrocatyda.com\/wp-content\/uploads\/elementor\/thumbs\/3-qt1g9hqba7dmzs604gzdsx0chn1f40h9c3ivx9sxuk.png\" title=\"3\" alt=\"\" loading=\"lazy\" \/>\t\t\t\t\t\t\t\t<\/a>\n\t\t\t\t\t\t\t\t\t\t\t\t\t<\/div>\n\t\t\t\t<\/div>\n\t\t\t\t<div class=\"elementor-element elementor-element-caafa0b elementor-align-center animated-slow elementor-invisible elementor-widget elementor-widget-button\" data-id=\"caafa0b\" data-element_type=\"widget\" data-settings=\"{&quot;_animation&quot;:&quot;fadeInUp&quot;,&quot;_animation_tablet&quot;:&quot;fadeIn&quot;}\" data-widget_type=\"button.default\">\n\t\t\t\t<div class=\"elementor-widget-container\">\n\t\t\t\t\t<div class=\"elementor-button-wrapper\">\n\t\t\t<a class=\"elementor-button elementor-button-link elementor-size-sm\" href=\"\/logopedia\/\">\n\t\t\t\t\t\t<span class=\"elementor-button-content-wrapper\">\n\t\t\t\t\t\t\t\t\t<span class=\"elementor-button-text\">LOGOPEDIA<\/span>\n\t\t\t\t\t<\/span>\n\t\t\t\t\t<\/a>\n\t\t<\/div>\n\t\t\t\t<\/div>\n\t\t\t\t<\/div>\n\t\t\t\t\t<\/div>\n\t\t<\/div>\n\t\t\t\t<div class=\"elementor-column elementor-col-16 elementor-top-column elementor-element elementor-element-15aa395\" data-id=\"15aa395\" data-element_type=\"column\">\n\t\t\t<div class=\"elementor-widget-wrap elementor-element-populated\">\n\t\t\t\t\t\t<div class=\"elementor-element elementor-element-8ca2a84 elementor-invisible elementor-widget elementor-widget-image\" data-id=\"8ca2a84\" data-element_type=\"widget\" data-settings=\"{&quot;_animation&quot;:&quot;fadeInUp&quot;}\" data-widget_type=\"image.default\">\n\t\t\t\t<div class=\"elementor-widget-container\">\n\t\t\t\t\t\t\t\t\t\t\t\t\t\t<a href=\"\/apoyo-escolar\/\">\n\t\t\t\t\t\t\t<img decoding=\"async\" src=\"https:\/\/centrocatyda.com\/wp-content\/uploads\/elementor\/thumbs\/4-qt1g9io5h1exbe4myze0dert30wsbpkzo86dejrjoc.png\" title=\"4\" alt=\"\" loading=\"lazy\" \/>\t\t\t\t\t\t\t\t<\/a>\n\t\t\t\t\t\t\t\t\t\t\t\t\t<\/div>\n\t\t\t\t<\/div>\n\t\t\t\t<div class=\"elementor-element elementor-element-575c876a elementor-align-center animated-slow elementor-invisible elementor-widget elementor-widget-button\" data-id=\"575c876a\" data-element_type=\"widget\" data-settings=\"{&quot;_animation&quot;:&quot;fadeInUp&quot;,&quot;_animation_tablet&quot;:&quot;fadeIn&quot;}\" data-widget_type=\"button.default\">\n\t\t\t\t<div class=\"elementor-widget-container\">\n\t\t\t\t\t<div class=\"elementor-button-wrapper\">\n\t\t\t<a class=\"elementor-button elementor-button-link elementor-size-sm\" href=\"\/apoyo-escolar\/\">\n\t\t\t\t\t\t<span class=\"elementor-button-content-wrapper\">\n\t\t\t\t\t\t\t\t\t<span class=\"elementor-button-text\">APOYO ESCOLAR<\/span>\n\t\t\t\t\t<\/span>\n\t\t\t\t\t<\/a>\n\t\t<\/div>\n\t\t\t\t<\/div>\n\t\t\t\t<\/div>\n\t\t\t\t\t<\/div>\n\t\t<\/div>\n\t\t\t\t<div class=\"elementor-column elementor-col-16 elementor-top-column elementor-element elementor-element-e7be801\" data-id=\"e7be801\" data-element_type=\"column\">\n\t\t\t<div class=\"elementor-widget-wrap elementor-element-populated\">\n\t\t\t\t\t\t<div class=\"elementor-element elementor-element-f19cba2 elementor-invisible elementor-widget elementor-widget-image\" data-id=\"f19cba2\" data-element_type=\"widget\" data-settings=\"{&quot;_animation&quot;:&quot;fadeInUp&quot;}\" data-widget_type=\"image.default\">\n\t\t\t\t<div class=\"elementor-widget-container\">\n\t\t\t\t\t\t\t\t\t\t\t\t\t\t<a href=\"\/formacion\">\n\t\t\t\t\t\t\t<img decoding=\"async\" src=\"https:\/\/centrocatyda.com\/wp-content\/uploads\/elementor\/thumbs\/5-qt1g9kjtuphhym1wo079ieaq9snir3sgchhcd3orbw.png\" title=\"5\" alt=\"\" loading=\"lazy\" \/>\t\t\t\t\t\t\t\t<\/a>\n\t\t\t\t\t\t\t\t\t\t\t\t\t<\/div>\n\t\t\t\t<\/div>\n\t\t\t\t<div class=\"elementor-element elementor-element-9758861 elementor-align-center animated-slow elementor-invisible elementor-widget elementor-widget-button\" data-id=\"9758861\" data-element_type=\"widget\" data-settings=\"{&quot;_animation&quot;:&quot;fadeInUp&quot;,&quot;_animation_tablet&quot;:&quot;fadeIn&quot;}\" data-widget_type=\"button.default\">\n\t\t\t\t<div class=\"elementor-widget-container\">\n\t\t\t\t\t<div class=\"elementor-button-wrapper\">\n\t\t\t<a class=\"elementor-button elementor-button-link elementor-size-sm\" href=\"\/formacion\">\n\t\t\t\t\t\t<span class=\"elementor-button-content-wrapper\">\n\t\t\t\t\t\t\t\t\t<span class=\"elementor-button-text\">FORMACI\u00d3N<\/span>\n\t\t\t\t\t<\/span>\n\t\t\t\t\t<\/a>\n\t\t<\/div>\n\t\t\t\t<\/div>\n\t\t\t\t<\/div>\n\t\t\t\t\t<\/div>\n\t\t<\/div>\n\t\t\t\t<div class=\"elementor-column elementor-col-16 elementor-top-column elementor-element elementor-element-a7a85aa\" data-id=\"a7a85aa\" data-element_type=\"column\">\n\t\t\t<div class=\"elementor-widget-wrap elementor-element-populated\">\n\t\t\t\t\t\t<div class=\"elementor-element elementor-element-b321528 elementor-invisible elementor-widget elementor-widget-image\" data-id=\"b321528\" data-element_type=\"widget\" data-settings=\"{&quot;_animation&quot;:&quot;fadeInUp&quot;}\" data-widget_type=\"image.default\">\n\t\t\t\t<div class=\"elementor-widget-container\">\n\t\t\t\t\t\t\t\t\t\t\t\t\t\t<a href=\"\/talleres\">\n\t\t\t\t\t\t\t<img decoding=\"async\" src=\"https:\/\/centrocatyda.com\/wp-content\/uploads\/elementor\/thumbs\/6-qt1g9lho1jisa80jiilw2w26v6ivysw6om4tudnd5o.png\" title=\"6\" alt=\"\" loading=\"lazy\" \/>\t\t\t\t\t\t\t\t<\/a>\n\t\t\t\t\t\t\t\t\t\t\t\t\t<\/div>\n\t\t\t\t<\/div>\n\t\t\t\t<div class=\"elementor-element elementor-element-0b7b00f elementor-align-center animated-slow elementor-invisible elementor-widget elementor-widget-button\" data-id=\"0b7b00f\" data-element_type=\"widget\" data-settings=\"{&quot;_animation&quot;:&quot;fadeInUp&quot;,&quot;_animation_tablet&quot;:&quot;fadeIn&quot;}\" data-widget_type=\"button.default\">\n\t\t\t\t<div class=\"elementor-widget-container\">\n\t\t\t\t\t<div class=\"elementor-button-wrapper\">\n\t\t\t<a class=\"elementor-button elementor-button-link elementor-size-sm\" href=\"\/talleres\">\n\t\t\t\t\t\t<span class=\"elementor-button-content-wrapper\">\n\t\t\t\t\t\t\t\t\t<span class=\"elementor-button-text\">talleres<\/span>\n\t\t\t\t\t<\/span>\n\t\t\t\t\t<\/a>\n\t\t<\/div>\n\t\t\t\t<\/div>\n\t\t\t\t<\/div>\n\t\t\t\t\t<\/div>\n\t\t<\/div>\n\t\t\t\t\t<\/div>\n\t\t<\/section>\n\t\t\t\t<section class=\"elementor-section elementor-top-section elementor-element elementor-element-4fb3a67 elementor-section-content-middle elementor-section-boxed elementor-section-height-default elementor-section-height-default\" data-id=\"4fb3a67\" data-element_type=\"section\">\n\t\t\t\t\t\t<div class=\"elementor-container elementor-column-gap-default\">\n\t\t\t\t\t<div class=\"elementor-column elementor-col-100 elementor-top-column elementor-element elementor-element-903aae6\" data-id=\"903aae6\" data-element_type=\"column\">\n\t\t\t<div class=\"elementor-widget-wrap\">\n\t\t\t\t\t\t\t<\/div>\n\t\t<\/div>\n\t\t\t\t\t<\/div>\n\t\t<\/section>\n\t\t\t\t<section class=\"elementor-section elementor-top-section elementor-element elementor-element-68881aa elementor-section-content-middle elementor-section-boxed elementor-section-height-default elementor-section-height-default\" data-id=\"68881aa\" data-element_type=\"section\">\n\t\t\t\t\t\t<div class=\"elementor-container elementor-column-gap-default\">\n\t\t\t\t\t<div class=\"elementor-column elementor-col-100 elementor-top-column elementor-element elementor-element-d6d7af4\" data-id=\"d6d7af4\" data-element_type=\"column\">\n\t\t\t<div class=\"elementor-widget-wrap elementor-element-populated\">\n\t\t\t\t\t\t<div class=\"elementor-element elementor-element-aae5a82 elementor-align-center elementor-widget__width-initial e-transform elementor-widget elementor-widget-button\" data-id=\"aae5a82\" data-element_type=\"widget\" data-settings=\"{&quot;_transform_skewX_effect&quot;:{&quot;unit&quot;:&quot;px&quot;,&quot;size&quot;:0,&quot;sizes&quot;:[]},&quot;_transform_skewX_effect_tablet&quot;:{&quot;unit&quot;:&quot;deg&quot;,&quot;size&quot;:&quot;&quot;,&quot;sizes&quot;:[]},&quot;_transform_skewX_effect_mobile&quot;:{&quot;unit&quot;:&quot;deg&quot;,&quot;size&quot;:&quot;&quot;,&quot;sizes&quot;:[]},&quot;_transform_skewY_effect&quot;:{&quot;unit&quot;:&quot;px&quot;,&quot;size&quot;:&quot;&quot;,&quot;sizes&quot;:[]},&quot;_transform_skewY_effect_tablet&quot;:{&quot;unit&quot;:&quot;deg&quot;,&quot;size&quot;:&quot;&quot;,&quot;sizes&quot;:[]},&quot;_transform_skewY_effect_mobile&quot;:{&quot;unit&quot;:&quot;deg&quot;,&quot;size&quot;:&quot;&quot;,&quot;sizes&quot;:[]}}\" data-widget_type=\"button.default\">\n\t\t\t\t<div class=\"elementor-widget-container\">\n\t\t\t\t\t<div class=\"elementor-button-wrapper\">\n\t\t\t<a class=\"elementor-button elementor-button-link elementor-size-sm\" href=\"\/contacto\">\n\t\t\t\t\t\t<span class=\"elementor-button-content-wrapper\">\n\t\t\t\t\t\t\t\t\t<span class=\"elementor-button-text\">CITA PREVIA<\/span>\n\t\t\t\t\t<\/span>\n\t\t\t\t\t<\/a>\n\t\t<\/div>\n\t\t\t\t<\/div>\n\t\t\t\t<\/div>\n\t\t\t\t\t<\/div>\n\t\t<\/div>\n\t\t\t\t\t<\/div>\n\t\t<\/section>\n\t\t\t\t<\/div>\n\t\t","protected":false},"excerpt":{"rendered":"<p>nuestros servicios PSICOLOG\u00cdA PSICO PEDAGOG\u00cdA LOGOPEDIA APOYO ESCOLAR FORMACI\u00d3N talleres CITA PREVIA<\/p>","protected":false},"author":2,"featured_media":0,"parent":0,"menu_order":0,"comment_status":"closed","ping_status":"closed","template":"","meta":{"footnotes":""},"class_list":["post-1779","page","type-page","status-publish","hentry"],"yoast_head":"<!-- This site is optimized with the Yoast SEO plugin v27.6 - https:\/\/yoast.com\/product\/yoast-seo-wordpress\/ -->\n<title>Servicios - centrocatyda.com<\/title>\n<meta name=\"robots\" content=\"index, follow, max-snippet:-1, max-image-preview:large, max-video-preview:-1\" \/>\n<link rel=\"canonical\" href=\"https:\/\/centrocatyda.com\/en\/servicios\/\" \/>\n<meta property=\"og:locale\" content=\"en_GB\" \/>\n<meta property=\"og:type\" content=\"article\" \/>\n<meta property=\"og:title\" content=\"Servicios - centrocatyda.com\" \/>\n<meta property=\"og:description\" content=\"nuestros servicios PSICOLOG\u00cdA PSICO PEDAGOG\u00cdA LOGOPEDIA APOYO ESCOLAR FORMACI\u00d3N talleres CITA PREVIA\" \/>\n<meta property=\"og:url\" content=\"https:\/\/centrocatyda.com\/en\/servicios\/\" \/>\n<meta property=\"og:site_name\" content=\"centrocatyda.com\" \/>\n<meta property=\"article:publisher\" content=\"https:\/\/www.facebook.com\/centrocatyda\/\" \/>\n<meta property=\"article:modified_time\" content=\"2024-09-27T07:04:14+00:00\" \/>\n<meta property=\"og:image\" content=\"https:\/\/centrocatyda.com\/wp-content\/uploads\/elementor\/thumbs\/1-qt1g9fumwjb2ck8qfg64nxhfavaoom9snu7wypvq70.png\" \/>\n<meta name=\"twitter:card\" content=\"summary_large_image\" \/>\n<meta name=\"twitter:label1\" content=\"Estimated reading time\" \/>\n\t<meta name=\"twitter:data1\" content=\"2 minutes\" \/>\n<script type=\"application\/ld+json\" class=\"yoast-schema-graph\">{\"@context\":\"https:\\\/\\\/schema.org\",\"@graph\":[{\"@type\":\"WebPage\",\"@id\":\"https:\\\/\\\/centrocatyda.com\\\/servicios\\\/\",\"url\":\"https:\\\/\\\/centrocatyda.com\\\/servicios\\\/\",\"name\":\"Servicios - centrocatyda.com\",\"isPartOf\":{\"@id\":\"https:\\\/\\\/centrocatyda.com\\\/#website\"},\"primaryImageOfPage\":{\"@id\":\"https:\\\/\\\/centrocatyda.com\\\/servicios\\\/#primaryimage\"},\"image\":{\"@id\":\"https:\\\/\\\/centrocatyda.com\\\/servicios\\\/#primaryimage\"},\"thumbnailUrl\":\"https:\\\/\\\/centrocatyda.com\\\/wp-content\\\/uploads\\\/elementor\\\/thumbs\\\/1-qt1g9fumwjb2ck8qfg64nxhfavaoom9snu7wypvq70.png\",\"datePublished\":\"2024-08-24T14:13:56+00:00\",\"dateModified\":\"2024-09-27T07:04:14+00:00\",\"breadcrumb\":{\"@id\":\"https:\\\/\\\/centrocatyda.com\\\/servicios\\\/#breadcrumb\"},\"inLanguage\":\"en-GB\",\"potentialAction\":[{\"@type\":\"ReadAction\",\"target\":[\"https:\\\/\\\/centrocatyda.com\\\/servicios\\\/\"]}]},{\"@type\":\"ImageObject\",\"inLanguage\":\"en-GB\",\"@id\":\"https:\\\/\\\/centrocatyda.com\\\/servicios\\\/#primaryimage\",\"url\":\"https:\\\/\\\/centrocatyda.com\\\/wp-content\\\/uploads\\\/elementor\\\/thumbs\\\/1-qt1g9fumwjb2ck8qfg64nxhfavaoom9snu7wypvq70.png\",\"contentUrl\":\"https:\\\/\\\/centrocatyda.com\\\/wp-content\\\/uploads\\\/elementor\\\/thumbs\\\/1-qt1g9fumwjb2ck8qfg64nxhfavaoom9snu7wypvq70.png\"},{\"@type\":\"BreadcrumbList\",\"@id\":\"https:\\\/\\\/centrocatyda.com\\\/servicios\\\/#breadcrumb\",\"itemListElement\":[{\"@type\":\"ListItem\",\"position\":1,\"name\":\"Portada\",\"item\":\"https:\\\/\\\/centrocatyda.com\\\/\"},{\"@type\":\"ListItem\",\"position\":2,\"name\":\"Servicios\"}]},{\"@type\":\"WebSite\",\"@id\":\"https:\\\/\\\/centrocatyda.com\\\/#website\",\"url\":\"https:\\\/\\\/centrocatyda.com\\\/\",\"name\":\"Centro CATYDA\",\"description\":\"\",\"publisher\":{\"@id\":\"https:\\\/\\\/centrocatyda.com\\\/#organization\"},\"potentialAction\":[{\"@type\":\"SearchAction\",\"target\":{\"@type\":\"EntryPoint\",\"urlTemplate\":\"https:\\\/\\\/centrocatyda.com\\\/?s={search_term_string}\"},\"query-input\":{\"@type\":\"PropertyValueSpecification\",\"valueRequired\":true,\"valueName\":\"search_term_string\"}}],\"inLanguage\":\"en-GB\"},{\"@type\":\"Organization\",\"@id\":\"https:\\\/\\\/centrocatyda.com\\\/#organization\",\"name\":\"Centro CATYDA\",\"url\":\"https:\\\/\\\/centrocatyda.com\\\/\",\"logo\":{\"@type\":\"ImageObject\",\"inLanguage\":\"en-GB\",\"@id\":\"https:\\\/\\\/centrocatyda.com\\\/#\\\/schema\\\/logo\\\/image\\\/\",\"url\":\"https:\\\/\\\/centrocatyda.com\\\/wp-content\\\/uploads\\\/2023\\\/04\\\/logo.png\",\"contentUrl\":\"https:\\\/\\\/centrocatyda.com\\\/wp-content\\\/uploads\\\/2023\\\/04\\\/logo.png\",\"width\":2506,\"height\":565,\"caption\":\"Centro CATYDA\"},\"image\":{\"@id\":\"https:\\\/\\\/centrocatyda.com\\\/#\\\/schema\\\/logo\\\/image\\\/\"},\"sameAs\":[\"https:\\\/\\\/www.facebook.com\\\/centrocatyda\\\/\"]}]}<\/script>\n<!-- \/ Yoast SEO plugin. -->","yoast_head_json":{"title":"Servicios - centrocatyda.com","robots":{"index":"index","follow":"follow","max-snippet":"max-snippet:-1","max-image-preview":"max-image-preview:large","max-video-preview":"max-video-preview:-1"},"canonical":"https:\/\/centrocatyda.com\/en\/servicios\/","og_locale":"en_GB","og_type":"article","og_title":"Servicios - centrocatyda.com","og_description":"nuestros servicios PSICOLOG\u00cdA PSICO PEDAGOG\u00cdA LOGOPEDIA APOYO ESCOLAR FORMACI\u00d3N talleres CITA PREVIA","og_url":"https:\/\/centrocatyda.com\/en\/servicios\/","og_site_name":"centrocatyda.com","article_publisher":"https:\/\/www.facebook.com\/centrocatyda\/","article_modified_time":"2024-09-27T07:04:14+00:00","og_image":[{"url":"https:\/\/centrocatyda.com\/wp-content\/uploads\/elementor\/thumbs\/1-qt1g9fumwjb2ck8qfg64nxhfavaoom9snu7wypvq70.png","type":"","width":"","height":""}],"twitter_card":"summary_large_image","twitter_misc":{"Estimated reading time":"2 minutes"},"schema":{"@context":"https:\/\/schema.org","@graph":[{"@type":"WebPage","@id":"https:\/\/centrocatyda.com\/servicios\/","url":"https:\/\/centrocatyda.com\/servicios\/","name":"Servicios - centrocatyda.com","isPartOf":{"@id":"https:\/\/centrocatyda.com\/#website"},"primaryImageOfPage":{"@id":"https:\/\/centrocatyda.com\/servicios\/#primaryimage"},"image":{"@id":"https:\/\/centrocatyda.com\/servicios\/#primaryimage"},"thumbnailUrl":"https:\/\/centrocatyda.com\/wp-content\/uploads\/elementor\/thumbs\/1-qt1g9fumwjb2ck8qfg64nxhfavaoom9snu7wypvq70.png","datePublished":"2024-08-24T14:13:56+00:00","dateModified":"2024-09-27T07:04:14+00:00","breadcrumb":{"@id":"https:\/\/centrocatyda.com\/servicios\/#breadcrumb"},"inLanguage":"en-GB","potentialAction":[{"@type":"ReadAction","target":["https:\/\/centrocatyda.com\/servicios\/"]}]},{"@type":"ImageObject","inLanguage":"en-GB","@id":"https:\/\/centrocatyda.com\/servicios\/#primaryimage","url":"https:\/\/centrocatyda.com\/wp-content\/uploads\/elementor\/thumbs\/1-qt1g9fumwjb2ck8qfg64nxhfavaoom9snu7wypvq70.png","contentUrl":"https:\/\/centrocatyda.com\/wp-content\/uploads\/elementor\/thumbs\/1-qt1g9fumwjb2ck8qfg64nxhfavaoom9snu7wypvq70.png"},{"@type":"BreadcrumbList","@id":"https:\/\/centrocatyda.com\/servicios\/#breadcrumb","itemListElement":[{"@type":"ListItem","position":1,"name":"Portada","item":"https:\/\/centrocatyda.com\/"},{"@type":"ListItem","position":2,"name":"Servicios"}]},{"@type":"WebSite","@id":"https:\/\/centrocatyda.com\/#website","url":"https:\/\/centrocatyda.com\/","name":"Centro CATYDA","description":"","publisher":{"@id":"https:\/\/centrocatyda.com\/#organization"},"potentialAction":[{"@type":"SearchAction","target":{"@type":"EntryPoint","urlTemplate":"https:\/\/centrocatyda.com\/?s={search_term_string}"},"query-input":{"@type":"PropertyValueSpecification","valueRequired":true,"valueName":"search_term_string"}}],"inLanguage":"en-GB"},{"@type":"Organization","@id":"https:\/\/centrocatyda.com\/#organization","name":"Centro CATYDA","url":"https:\/\/centrocatyda.com\/","logo":{"@type":"ImageObject","inLanguage":"en-GB","@id":"https:\/\/centrocatyda.com\/#\/schema\/logo\/image\/","url":"https:\/\/centrocatyda.com\/wp-content\/uploads\/2023\/04\/logo.png","contentUrl":"https:\/\/centrocatyda.com\/wp-content\/uploads\/2023\/04\/logo.png","width":2506,"height":565,"caption":"Centro CATYDA"},"image":{"@id":"https:\/\/centrocatyda.com\/#\/schema\/logo\/image\/"},"sameAs":["https:\/\/www.facebook.com\/centrocatyda\/"]}]}},"_links":{"self":[{"href":"https:\/\/centrocatyda.com\/en\/wp-json\/wp\/v2\/pages\/1779","targetHints":{"allow":["GET"]}}],"collection":[{"href":"https:\/\/centrocatyda.com\/en\/wp-json\/wp\/v2\/pages"}],"about":[{"href":"https:\/\/centrocatyda.com\/en\/wp-json\/wp\/v2\/types\/page"}],"author":[{"embeddable":true,"href":"https:\/\/centrocatyda.com\/en\/wp-json\/wp\/v2\/users\/2"}],"replies":[{"embeddable":true,"href":"https:\/\/centrocatyda.com\/en\/wp-json\/wp\/v2\/comments?post=1779"}],"version-history":[{"count":13,"href":"https:\/\/centrocatyda.com\/en\/wp-json\/wp\/v2\/pages\/1779\/revisions"}],"predecessor-version":[{"id":1881,"href":"https:\/\/centrocatyda.com\/en\/wp-json\/wp\/v2\/pages\/1779\/revisions\/1881"}],"wp:attachment":[{"href":"https:\/\/centrocatyda.com\/en\/wp-json\/wp\/v2\/media?parent=1779"}],"curies":[{"name":"wp","href":"https:\/\/api.w.org\/{rel}","templated":true}]}}